{"id":11722,"date":"2022-10-20T07:35:34","date_gmt":"2022-10-20T05:35:34","guid":{"rendered":"https:\/\/forsthoff.werbago.com\/production\/"},"modified":"2023-04-03T14:53:08","modified_gmt":"2023-04-03T12:53:08","slug":"production","status":"publish","type":"page","link":"https:\/\/www.forsthoff.com\/fr\/production\/","title":{"rendered":"Production"},"content":{"rendered":"\t\t<div data-elementor-type=\"wp-page\" data-elementor-id=\"11722\" class=\"elementor elementor-11722 elementor-6853\" data-elementor-post-type=\"page\">\n\t\t\t\t\t\t<section class=\"elementor-section elementor-top-section elementor-element elementor-element-7640ee1 elementor-section-boxed elementor-section-height-default elementor-section-height-default\" data-id=\"7640ee1\" data-element_type=\"section\" data-settings=\"{&quot;background_background&quot;:&quot;classic&quot;}\">\n\t\t\t\t\t\t\t<div class=\"elementor-background-overlay\"><\/div>\n\t\t\t\t\t\t\t<div class=\"elementor-container elementor-column-gap-default\">\n\t\t\t\t\t<div class=\"elementor-column elementor-col-100 elementor-top-column elementor-element elementor-element-f3c2a39 elementor-invisible\" data-id=\"f3c2a39\" data-element_type=\"column\" data-settings=\"{&quot;animation&quot;:&quot;fadeInUp&quot;}\">\n\t\t\t<div class=\"elementor-widget-wrap elementor-element-populated\">\n\t\t\t\t\t\t<div class=\"elementor-element elementor-element-5330b1a elementor-widget elementor-widget-heading\" data-id=\"5330b1a\" data-element_type=\"widget\" data-widget_type=\"heading.default\">\n\t\t\t\t<div class=\"elementor-widget-container\">\n\t\t\t\t\t<h5 class=\"elementor-heading-title elementor-size-default\">Production<\/h5>\t\t\t\t<\/div>\n\t\t\t\t<\/div>\n\t\t\t\t<div class=\"elementor-element elementor-element-2fc1f20 elementor-icon-list--layout-inline elementor-align-center elementor-list-item-link-full_width elementor-widget elementor-widget-icon-list\" data-id=\"2fc1f20\" data-element_type=\"widget\" data-widget_type=\"icon-list.default\">\n\t\t\t\t<div class=\"elementor-widget-container\">\n\t\t\t\t\t\t\t<ul class=\"elementor-icon-list-items elementor-inline-items\">\n\t\t\t\t\t\t\t<li class=\"elementor-icon-list-item elementor-inline-item\">\n\t\t\t\t\t\t\t\t\t\t\t<a href=\"https:\/\/www.forsthoff.com\/fr\/\">\n\n\t\t\t\t\t\t\t\t\t\t\t<span class=\"elementor-icon-list-text\">Page d'accueil<\/span>\n\t\t\t\t\t\t\t\t\t\t\t<\/a>\n\t\t\t\t\t\t\t\t\t<\/li>\n\t\t\t\t\t\t\t\t<li class=\"elementor-icon-list-item elementor-inline-item\">\n\t\t\t\t\t\t\t\t\t\t\t<a href=\"https:\/\/www.forsthoff.com\/fr\/a-propos-de-nous\/\">\n\n\t\t\t\t\t\t\t\t\t\t\t<span class=\"elementor-icon-list-text\">\u00c0 propos de nous<\/span>\n\t\t\t\t\t\t\t\t\t\t\t<\/a>\n\t\t\t\t\t\t\t\t\t<\/li>\n\t\t\t\t\t\t\t\t<li class=\"elementor-icon-list-item elementor-inline-item\">\n\t\t\t\t\t\t\t\t\t\t\t<a href=\"https:\/\/www.forsthoff.com\/fr\/production\/\">\n\n\t\t\t\t\t\t\t\t\t\t\t<span class=\"elementor-icon-list-text\">Production<\/span>\n\t\t\t\t\t\t\t\t\t\t\t<\/a>\n\t\t\t\t\t\t\t\t\t<\/li>\n\t\t\t\t\t\t<\/ul>\n\t\t\t\t\t\t<\/div>\n\t\t\t\t<\/div>\n\t\t\t\t<div class=\"elementor-element elementor-element-318bae4 elementor-widget elementor-widget-premium-divider\" data-id=\"318bae4\" data-element_type=\"widget\" data-widget_type=\"premium-divider.default\">\n\t\t\t\t<div class=\"elementor-widget-container\">\n\t\t\t\t\t\r\n\t\t<div class=\"premium-bordered-top premium-separator-container premium-separator-solid\" data-settings=\"solid\">\r\n\t\t\t<div class=\"premium-separator-wrapper\">\r\n\t\t\t\t<div class=\"premium-separator-wrapper-separator\">\r\n\t\t\t\t\t<div class=\"premium-separator-wrapper-separator-divider\">\r\n\t\t\t\t\t\t<div class=\"premium-separator-inner\">\r\n\t\t\t\t\t\t\t\r\n\t\t\t\t\t\t\t\t<div class=\"premium-separator-content-wrapper\">\r\n\t\t\t\t\t\t\t\t\t\t\t\t\t\t\t\t\t\t\t<div class=\"premium-separator-divider-left premium-separator-left-side premium-svg-nodraw\">\r\n\t\t\t\t\t\t\t\t\t\t\tseparators_two_span\t\t\t\t\t\t\t\t\t\t<\/div>\r\n\t\t\t\t\t\t\t\t\t\r\n\t\t\t\t\t\t\t\t\t\r\n\t\t\t\t\t\t\t\t\t\t\t\t\t\t\t\t\t\t\t<div class=\"premium-separator-divider-right premium-separator-right-side premium-svg-nodraw\">\r\n\t\t\t\t\t\t\t\t\t\t\tseparators_two_span\t\t\t\t\t\t\t\t\t\t<\/div>\r\n\t\t\t\t\t\t\t\t\t\t\t\t\t\t\t\t\t<\/div>\r\n\r\n\t\t\t\t\t\t\t\r\n\t\t\t\t\t\t\t<\/div>\r\n\r\n\t\t\t\t\t\t<\/div>\r\n\r\n\t\t\t\t<\/div>\r\n\r\n\t\t\t\t<div class=\"premium-clearfix\"><\/div>\r\n\r\n\t\t\t<\/div>\r\n\r\n\t\t<\/div>\r\n\r\n\t\t\t\t\t\t<\/div>\n\t\t\t\t<\/div>\n\t\t\t\t\t<\/div>\n\t\t<\/div>\n\t\t\t\t\t<\/div>\n\t\t<\/section>\n\t\t\t\t<section class=\"elementor-section elementor-top-section elementor-element elementor-element-81cee34 elementor-section-boxed elementor-section-height-default elementor-section-height-default\" data-id=\"81cee34\" data-element_type=\"section\" data-settings=\"{&quot;background_background&quot;:&quot;classic&quot;}\">\n\t\t\t\t\t\t<div class=\"elementor-container elementor-column-gap-default\">\n\t\t\t\t\t<div class=\"elementor-column elementor-col-100 elementor-top-column elementor-element elementor-element-acaf588\" data-id=\"acaf588\" data-element_type=\"column\" data-settings=\"{&quot;animation&quot;:&quot;none&quot;}\">\n\t\t\t<div class=\"elementor-widget-wrap elementor-element-populated\">\n\t\t\t\t\t\t<section class=\"elementor-section elementor-inner-section elementor-element elementor-element-7b865aa elementor-section-boxed elementor-section-height-default elementor-section-height-default\" data-id=\"7b865aa\" data-element_type=\"section\">\n\t\t\t\t\t\t<div class=\"elementor-container elementor-column-gap-default\">\n\t\t\t\t\t<div class=\"elementor-column elementor-col-50 elementor-inner-column elementor-element elementor-element-5cded51 elementor-invisible\" data-id=\"5cded51\" data-element_type=\"column\" data-settings=\"{&quot;animation&quot;:&quot;fadeInLeft&quot;}\">\n\t\t\t<div class=\"elementor-widget-wrap elementor-element-populated\">\n\t\t\t\t\t\t<div class=\"elementor-element elementor-element-34435e9 elementor-invisible elementor-widget elementor-widget-heading\" data-id=\"34435e9\" data-element_type=\"widget\" data-settings=\"{&quot;_animation&quot;:&quot;fadeInDown&quot;}\" data-widget_type=\"heading.default\">\n\t\t\t\t<div class=\"elementor-widget-container\">\n\t\t\t\t\t<h2 class=\"elementor-heading-title elementor-size-default\">Une entreprise familiale depuis 1977 - Tradition Made in Germany<\/h2>\t\t\t\t<\/div>\n\t\t\t\t<\/div>\n\t\t\t\t<div class=\"elementor-element elementor-element-fdf64db elementor-widget elementor-widget-text-editor\" data-id=\"fdf64db\" data-element_type=\"widget\" data-widget_type=\"text-editor.default\">\n\t\t\t\t<div class=\"elementor-widget-container\">\n\t\t\t\t\t\t\t\t\t<p>Depuis sa fondation en 1977 par Eugen Forsthoff, cette entreprise familiale produit des technologies de soudage \u00e0 air chaud et des accessoires pour l\u2019industrie et le commerce. FORSTHOFF conna\u00eet aujourd\u2019hui un succ\u00e8s international et convainc sur le march\u00e9 du soudage et du traitement des thermoplastiques gr\u00e2ce \u00e0 ses produits sur mesure.<\/p>\n<p>Solingen, la ville mondialement connue depuis des si\u00e8cles pour la fabrication de lames tranchantes, de couteaux et de ciseaux, abrite \u00e9galement le si\u00e8ge de FORSTHOFF. L\u2019entreprise fabrique des \u00e9quipements de soudage \u00e0 air chaud \u00e0 usage professionnel depuis plus de 45 ans. FORSTHOFF est particuli\u00e8rement fier du d\u00e9veloppement constant de la croissance de son \u00e9ventail de produits, qui s&rsquo;oriente toujours vers les besoins des utilisateurs<\/p>\n\t\t\t\t\t\t\t\t<\/div>\n\t\t\t\t<\/div>\n\t\t\t\t\t<\/div>\n\t\t<\/div>\n\t\t\t\t<div class=\"elementor-column elementor-col-50 elementor-inner-column elementor-element elementor-element-ceef2ed elementor-invisible\" data-id=\"ceef2ed\" data-element_type=\"column\" data-settings=\"{&quot;animation&quot;:&quot;fadeInRight&quot;}\">\n\t\t\t<div class=\"elementor-widget-wrap elementor-element-populated\">\n\t\t\t\t\t\t<div class=\"elementor-element elementor-element-a696e7c elementor-widget elementor-widget-image\" data-id=\"a696e7c\" data-element_type=\"widget\" data-widget_type=\"image.default\">\n\t\t\t\t<div class=\"elementor-widget-container\">\n\t\t\t\t\t\t\t\t\t\t\t\t\t\t\t<img fetchpriority=\"high\" decoding=\"async\" width=\"768\" height=\"512\" src=\"https:\/\/www.forsthoff.com\/wp-content\/smush-webp\/2022\/06\/Fertigung-1-768x512.jpg.webp\" class=\"attachment-medium_large size-medium_large wp-image-2410\" alt=\"\" srcset=\"https:\/\/www.forsthoff.com\/wp-content\/smush-webp\/2022\/06\/Fertigung-1-768x512.jpg.webp 768w, https:\/\/www.forsthoff.com\/wp-content\/smush-webp\/2022\/06\/Fertigung-1-300x200.jpg.webp 300w, https:\/\/www.forsthoff.com\/wp-content\/uploads\/2022\/06\/Fertigung-1-e1677502886843.jpg 924w\" sizes=\"(max-width: 768px) 100vw, 768px\" \/>\t\t\t\t\t\t\t\t\t\t\t\t\t\t\t<\/div>\n\t\t\t\t<\/div>\n\t\t\t\t\t<\/div>\n\t\t<\/div>\n\t\t\t\t\t<\/div>\n\t\t<\/section>\n\t\t\t\t<section class=\"elementor-section elementor-inner-section elementor-element elementor-element-b5b4d46 elementor-section-boxed elementor-section-height-default elementor-section-height-default\" data-id=\"b5b4d46\" data-element_type=\"section\">\n\t\t\t\t\t\t<div class=\"elementor-container elementor-column-gap-default\">\n\t\t\t\t\t<div class=\"elementor-column elementor-col-50 elementor-inner-column elementor-element elementor-element-24ff27c elementor-invisible\" data-id=\"24ff27c\" data-element_type=\"column\" data-settings=\"{&quot;animation&quot;:&quot;fadeInLeft&quot;}\">\n\t\t\t<div class=\"elementor-widget-wrap elementor-element-populated\">\n\t\t\t\t\t\t<div class=\"elementor-element elementor-element-a5a159c elementor-widget elementor-widget-text-editor\" data-id=\"a5a159c\" data-element_type=\"widget\" data-widget_type=\"text-editor.default\">\n\t\t\t\t<div class=\"elementor-widget-container\">\n\t\t\t\t\t\t\t\t\t<p>Les innovations en mati\u00e8re de moteurs \u00e9lectriques et de commandes \u00e9lectroniques sont \u00e9galement permanentes. Les principaux produits sont les soudeuses \u00e0 air chaud manuelles, les soudeuses automatiques, les a\u00e9rothermes et les accessoires, tels que les buses et une large gamme de rouleaux de pression pour le traitement des b\u00e2ches.<\/p>\n<p>Le site de production de Solingen accorde donc une importance particuli\u00e8re \u00e0 la qualit\u00e9 de la finition et du montage des postes de soudage, des automates de soudage, des a\u00e9rothermes et des accessoires. Des contr\u00f4les de qualit\u00e9 continus garantissent \u00e9galement aux clients une utilisation \u00e0 long terme des produits dans de nombreux domaines d\u2019application.<\/p>\n<p>La logistique interne des pi\u00e8ces assure des processus de production sans faille et des livraisons aux clients et distributeurs internationaux dans les d\u00e9lais impartis. Un stock de pi\u00e8ces bien dimensionn\u00e9es permet d&rsquo;assurer le bon fonctionnement des appareils chez les clients finaux.<\/p>\n\t\t\t\t\t\t\t\t<\/div>\n\t\t\t\t<\/div>\n\t\t\t\t\t<\/div>\n\t\t<\/div>\n\t\t\t\t<div class=\"elementor-column elementor-col-50 elementor-inner-column elementor-element elementor-element-fa5a695 elementor-invisible\" data-id=\"fa5a695\" data-element_type=\"column\" data-settings=\"{&quot;animation&quot;:&quot;fadeInRight&quot;}\">\n\t\t\t<div class=\"elementor-widget-wrap elementor-element-populated\">\n\t\t\t\t\t\t<div class=\"elementor-element elementor-element-6ec3db1 elementor-widget elementor-widget-image\" data-id=\"6ec3db1\" data-element_type=\"widget\" data-widget_type=\"image.default\">\n\t\t\t\t<div class=\"elementor-widget-container\">\n\t\t\t\t\t\t\t\t\t\t\t\t\t\t\t<img decoding=\"async\" width=\"800\" height=\"534\" data-src=\"https:\/\/www.forsthoff.com\/wp-content\/smush-webp\/2022\/11\/motor-1024x683.jpg.webp\" class=\"attachment-large size-large wp-image-7754 lazyload\" alt=\"\" data-srcset=\"https:\/\/www.forsthoff.com\/wp-content\/smush-webp\/2022\/11\/motor-1024x683.jpg.webp 1024w, https:\/\/www.forsthoff.com\/wp-content\/smush-webp\/2022\/11\/motor-300x200.jpg.webp 300w, https:\/\/www.forsthoff.com\/wp-content\/smush-webp\/2022\/11\/motor-768x512.jpg.webp 768w, https:\/\/www.forsthoff.com\/wp-content\/smush-webp\/2022\/11\/motor-1536x1024.jpg.webp 1536w, https:\/\/www.forsthoff.com\/wp-content\/smush-webp\/2022\/11\/motor-2048x1365.jpg.webp 2048w\" data-sizes=\"(max-width: 800px) 100vw, 800px\" src=\"data:image\/svg+xml;base64,PHN2ZyB3aWR0aD0iMSIgaGVpZ2h0PSIxIiB4bWxucz0iaHR0cDovL3d3dy53My5vcmcvMjAwMC9zdmciPjwvc3ZnPg==\" style=\"--smush-placeholder-width: 800px; --smush-placeholder-aspect-ratio: 800\/534;\" \/>\t\t\t\t\t\t\t\t\t\t\t\t\t\t\t<\/div>\n\t\t\t\t<\/div>\n\t\t\t\t\t<\/div>\n\t\t<\/div>\n\t\t\t\t\t<\/div>\n\t\t<\/section>\n\t\t\t\t\t<\/div>\n\t\t<\/div>\n\t\t\t\t\t<\/div>\n\t\t<\/section>\n\t\t\t\t<\/div>\n\t\t","protected":false},"excerpt":{"rendered":"<p>Production Page d&rsquo;accueil \u00c0 propos de nous Production Une entreprise familiale depuis 1977 &#8211; Tradition Made in Germany Depuis sa fondation en 1977 par Eugen Forsthoff, cette entreprise familiale produit des technologies de soudage \u00e0 air chaud et des accessoires pour l\u2019industrie et le commerce. FORSTHOFF conna\u00eet aujourd\u2019hui un succ\u00e8s international et convainc sur le [&hellip;]<\/p>\n","protected":false},"author":1,"featured_media":0,"parent":0,"menu_order":0,"comment_status":"closed","ping_status":"closed","template":"","meta":{"om_disable_all_campaigns":false,"_monsterinsights_skip_tracking":false,"_monsterinsights_sitenote_active":false,"_monsterinsights_sitenote_note":"","_monsterinsights_sitenote_category":0,"footnotes":""},"class_list":["post-11722","page","type-page","status-publish","hentry"],"aioseo_notices":[],"_links":{"self":[{"href":"https:\/\/www.forsthoff.com\/fr\/wp-json\/wp\/v2\/pages\/11722","targetHints":{"allow":["GET"]}}],"collection":[{"href":"https:\/\/www.forsthoff.com\/fr\/wp-json\/wp\/v2\/pages"}],"about":[{"href":"https:\/\/www.forsthoff.com\/fr\/wp-json\/wp\/v2\/types\/page"}],"author":[{"embeddable":true,"href":"https:\/\/www.forsthoff.com\/fr\/wp-json\/wp\/v2\/users\/1"}],"replies":[{"embeddable":true,"href":"https:\/\/www.forsthoff.com\/fr\/wp-json\/wp\/v2\/comments?post=11722"}],"version-history":[{"count":7,"href":"https:\/\/www.forsthoff.com\/fr\/wp-json\/wp\/v2\/pages\/11722\/revisions"}],"predecessor-version":[{"id":13776,"href":"https:\/\/www.forsthoff.com\/fr\/wp-json\/wp\/v2\/pages\/11722\/revisions\/13776"}],"wp:attachment":[{"href":"https:\/\/www.forsthoff.com\/fr\/wp-json\/wp\/v2\/media?parent=11722"}],"curies":[{"name":"wp","href":"https:\/\/api.w.org\/{rel}","templated":true}]}}