{"id":11710,"date":"2022-10-20T07:42:17","date_gmt":"2022-10-20T05:42:17","guid":{"rendered":"https:\/\/forsthoff.werbago.com\/marque-privee-produits-oem\/"},"modified":"2023-04-28T09:58:04","modified_gmt":"2023-04-28T07:58:04","slug":"marque-privee-produits-oem","status":"publish","type":"page","link":"https:\/\/www.forsthoff.com\/fr\/marque-privee-produits-oem\/","title":{"rendered":"Marque priv\u00e9e \/ Produits OEM"},"content":{"rendered":"\t\t<div data-elementor-type=\"wp-page\" data-elementor-id=\"11710\" class=\"elementor elementor-11710 elementor-6859\" data-elementor-post-type=\"page\">\n\t\t\t\t\t\t<section class=\"elementor-section elementor-top-section elementor-element elementor-element-7640ee1 elementor-section-boxed elementor-section-height-default elementor-section-height-default\" data-id=\"7640ee1\" data-element_type=\"section\" data-settings=\"{&quot;background_background&quot;:&quot;classic&quot;}\">\n\t\t\t\t\t\t\t<div class=\"elementor-background-overlay\"><\/div>\n\t\t\t\t\t\t\t<div class=\"elementor-container elementor-column-gap-default\">\n\t\t\t\t\t<div class=\"elementor-column elementor-col-100 elementor-top-column elementor-element elementor-element-f3c2a39 elementor-invisible\" data-id=\"f3c2a39\" data-element_type=\"column\" data-settings=\"{&quot;animation&quot;:&quot;fadeInLeft&quot;}\">\n\t\t\t<div class=\"elementor-widget-wrap elementor-element-populated\">\n\t\t\t\t\t\t<div class=\"elementor-element elementor-element-5330b1a elementor-widget elementor-widget-heading\" data-id=\"5330b1a\" data-element_type=\"widget\" data-widget_type=\"heading.default\">\n\t\t\t\t<div class=\"elementor-widget-container\">\n\t\t\t\t\t<h5 class=\"elementor-heading-title elementor-size-default\">Marque priv\u00e9e \/ Produits OEM<\/h5>\t\t\t\t<\/div>\n\t\t\t\t<\/div>\n\t\t\t\t<div class=\"elementor-element elementor-element-2fc1f20 elementor-icon-list--layout-inline elementor-align-center elementor-list-item-link-full_width elementor-widget elementor-widget-icon-list\" data-id=\"2fc1f20\" data-element_type=\"widget\" data-widget_type=\"icon-list.default\">\n\t\t\t\t<div class=\"elementor-widget-container\">\n\t\t\t\t\t\t\t<ul class=\"elementor-icon-list-items elementor-inline-items\">\n\t\t\t\t\t\t\t<li class=\"elementor-icon-list-item elementor-inline-item\">\n\t\t\t\t\t\t\t\t\t\t\t<a href=\"https:\/\/www.forsthoff.com\/fr\/\">\n\n\t\t\t\t\t\t\t\t\t\t\t<span class=\"elementor-icon-list-text\">Page d'accueil<\/span>\n\t\t\t\t\t\t\t\t\t\t\t<\/a>\n\t\t\t\t\t\t\t\t\t<\/li>\n\t\t\t\t\t\t\t\t<li class=\"elementor-icon-list-item elementor-inline-item\">\n\t\t\t\t\t\t\t\t\t\t\t<a href=\"https:\/\/www.forsthoff.com\/fr\/a-propos-de-nous\/\">\n\n\t\t\t\t\t\t\t\t\t\t\t<span class=\"elementor-icon-list-text\">\u00c0 propos de nous<\/span>\n\t\t\t\t\t\t\t\t\t\t\t<\/a>\n\t\t\t\t\t\t\t\t\t<\/li>\n\t\t\t\t\t\t\t\t<li class=\"elementor-icon-list-item elementor-inline-item\">\n\t\t\t\t\t\t\t\t\t\t\t<a href=\"https:\/\/www.forsthoff.com\/fr\/marque-privee-produits-oem\/\">\n\n\t\t\t\t\t\t\t\t\t\t\t<span class=\"elementor-icon-list-text\">Marque priv\u00e9e\/Produits OEM<\/span>\n\t\t\t\t\t\t\t\t\t\t\t<\/a>\n\t\t\t\t\t\t\t\t\t<\/li>\n\t\t\t\t\t\t<\/ul>\n\t\t\t\t\t\t<\/div>\n\t\t\t\t<\/div>\n\t\t\t\t<div class=\"elementor-element elementor-element-318bae4 elementor-widget elementor-widget-premium-divider\" data-id=\"318bae4\" data-element_type=\"widget\" data-widget_type=\"premium-divider.default\">\n\t\t\t\t<div class=\"elementor-widget-container\">\n\t\t\t\t\t\r\n\t\t<div class=\"premium-bordered-top premium-separator-container premium-separator-solid\" data-settings=\"solid\">\r\n\t\t\t<div class=\"premium-separator-wrapper\">\r\n\t\t\t\t<div class=\"premium-separator-wrapper-separator\">\r\n\t\t\t\t\t<div class=\"premium-separator-wrapper-separator-divider\">\r\n\t\t\t\t\t\t<div class=\"premium-separator-inner\">\r\n\t\t\t\t\t\t\t\r\n\t\t\t\t\t\t\t\t<div class=\"premium-separator-content-wrapper\">\r\n\t\t\t\t\t\t\t\t\t\t\t\t\t\t\t\t\t\t\t<div class=\"premium-separator-divider-left premium-separator-left-side premium-svg-nodraw\">\r\n\t\t\t\t\t\t\t\t\t\t\tseparators_two_span\t\t\t\t\t\t\t\t\t\t<\/div>\r\n\t\t\t\t\t\t\t\t\t\r\n\t\t\t\t\t\t\t\t\t\r\n\t\t\t\t\t\t\t\t\t\t\t\t\t\t\t\t\t\t\t<div class=\"premium-separator-divider-right premium-separator-right-side premium-svg-nodraw\">\r\n\t\t\t\t\t\t\t\t\t\t\tseparators_two_span\t\t\t\t\t\t\t\t\t\t<\/div>\r\n\t\t\t\t\t\t\t\t\t\t\t\t\t\t\t\t\t<\/div>\r\n\r\n\t\t\t\t\t\t\t\r\n\t\t\t\t\t\t\t<\/div>\r\n\r\n\t\t\t\t\t\t<\/div>\r\n\r\n\t\t\t\t<\/div>\r\n\r\n\t\t\t\t<div class=\"premium-clearfix\"><\/div>\r\n\r\n\t\t\t<\/div>\r\n\r\n\t\t<\/div>\r\n\r\n\t\t\t\t\t\t<\/div>\n\t\t\t\t<\/div>\n\t\t\t\t\t<\/div>\n\t\t<\/div>\n\t\t\t\t\t<\/div>\n\t\t<\/section>\n\t\t\t\t<section class=\"elementor-section elementor-top-section elementor-element elementor-element-a53b820 elementor-section-boxed elementor-section-height-default elementor-section-height-default\" data-id=\"a53b820\" data-element_type=\"section\" data-settings=\"{&quot;background_background&quot;:&quot;classic&quot;}\">\n\t\t\t\t\t\t<div class=\"elementor-container elementor-column-gap-default\">\n\t\t\t\t\t<div class=\"elementor-column elementor-col-100 elementor-top-column elementor-element elementor-element-6040248\" data-id=\"6040248\" data-element_type=\"column\" data-settings=\"{&quot;animation&quot;:&quot;none&quot;}\">\n\t\t\t<div class=\"elementor-widget-wrap elementor-element-populated\">\n\t\t\t\t\t\t<section class=\"elementor-section elementor-inner-section elementor-element elementor-element-8f8d649 elementor-section-boxed elementor-section-height-default elementor-section-height-default\" data-id=\"8f8d649\" data-element_type=\"section\">\n\t\t\t\t\t\t<div class=\"elementor-container elementor-column-gap-default\">\n\t\t\t\t\t<div class=\"elementor-column elementor-col-100 elementor-inner-column elementor-element elementor-element-e6cefe1 elementor-invisible\" data-id=\"e6cefe1\" data-element_type=\"column\" data-settings=\"{&quot;animation&quot;:&quot;fadeInLeft&quot;}\">\n\t\t\t<div class=\"elementor-widget-wrap elementor-element-populated\">\n\t\t\t\t\t\t<div class=\"elementor-element elementor-element-536362a elementor-invisible elementor-widget elementor-widget-heading\" data-id=\"536362a\" data-element_type=\"widget\" data-settings=\"{&quot;_animation&quot;:&quot;fadeInDown&quot;}\" data-widget_type=\"heading.default\">\n\t\t\t\t<div class=\"elementor-widget-container\">\n\t\t\t\t\t<h2 class=\"elementor-heading-title elementor-size-default\">Nous sommes l'un des plus grands fabricants OEM dans le domaine des appareils \u00e0 air chaud et fabriquons des produits de marque priv\u00e9e pour un grand nombre d'entreprises dans le monde entier.<\/h2>\t\t\t\t<\/div>\n\t\t\t\t<\/div>\n\t\t\t\t<div class=\"elementor-element elementor-element-cc99df4 elementor-widget elementor-widget-text-editor\" data-id=\"cc99df4\" data-element_type=\"widget\" data-widget_type=\"text-editor.default\">\n\t\t\t\t<div class=\"elementor-widget-container\">\n\t\t\t\t\t\t\t\t\t<p>Nous proposons ce service pour l&rsquo;ensemble de notre gamme, de l&rsquo;appareil de soudage manuel \u00e0 air chaud aux machines \u00e0 souder automatique, en passant par les r\u00e9chauffeurs d&rsquo;air et les accessoires tels que les rouleaux de pression et les \u00e9l\u00e9ments chauffants. Les clients peuvent proposer, entre autres, les couleurs, les \u00e9tiquettes, les emballages, les manuels d&rsquo;utilisation des produits. Nous proposons \u00e9galement des livraisons neutres aux clients B2B, ce qui permet \u00e0 nos distributeurs d&rsquo;\u00e9conomiser des capacit\u00e9s de stockage.<\/p>\n<p>Tous nos produits de marque priv\u00e9e, comme notre gamme normale, sont fabriqu\u00e9s en Allemagne. Dans notre usine de Solingen, nous fabriquons nous-m\u00eames les moteurs, les plaques \u00e9lectroniques et les \u00e9l\u00e9ments chauffants. Nous achetons en Allemagne un grand nombre de composants tels que des pi\u00e8ces de moteur, des pi\u00e8ces en plastique ou des roulements \u00e0 billes aupr\u00e8s de fournisseurs allemands.<\/p>\n\t\t\t\t\t\t\t\t<\/div>\n\t\t\t\t<\/div>\n\t\t\t\t\t<\/div>\n\t\t<\/div>\n\t\t\t\t\t<\/div>\n\t\t<\/section>\n\t\t\t\t\t<\/div>\n\t\t<\/div>\n\t\t\t\t\t<\/div>\n\t\t<\/section>\n\t\t\t\t<section class=\"elementor-section elementor-top-section elementor-element elementor-element-cbe80a9 elementor-section-boxed elementor-section-height-default elementor-section-height-default\" data-id=\"cbe80a9\" data-element_type=\"section\" data-settings=\"{&quot;background_background&quot;:&quot;classic&quot;}\">\n\t\t\t\t\t\t<div class=\"elementor-container elementor-column-gap-default\">\n\t\t\t\t\t<div class=\"elementor-column elementor-col-33 elementor-top-column elementor-element elementor-element-a843811 elementor-invisible\" data-id=\"a843811\" data-element_type=\"column\" data-settings=\"{&quot;animation&quot;:&quot;fadeInUp&quot;}\">\n\t\t\t<div class=\"elementor-widget-wrap elementor-element-populated\">\n\t\t\t\t\t\t<div class=\"elementor-element elementor-element-030793c elementor-widget elementor-widget-image\" data-id=\"030793c\" data-element_type=\"widget\" data-widget_type=\"image.default\">\n\t\t\t\t<div class=\"elementor-widget-container\">\n\t\t\t\t\t\t\t\t\t\t\t\t\t\t\t<img fetchpriority=\"high\" decoding=\"async\" width=\"918\" height=\"612\" src=\"https:\/\/www.forsthoff.com\/wp-content\/uploads\/2023\/04\/HS-3000electronic-einzeln.png\" class=\"attachment-full size-full wp-image-15035\" alt=\"\" srcset=\"https:\/\/www.forsthoff.com\/wp-content\/uploads\/2023\/04\/HS-3000electronic-einzeln.png 918w, https:\/\/www.forsthoff.com\/wp-content\/smush-webp\/2023\/04\/HS-3000electronic-einzeln-300x200.png.webp 300w, https:\/\/www.forsthoff.com\/wp-content\/smush-webp\/2023\/04\/HS-3000electronic-einzeln-768x512.png.webp 768w\" sizes=\"(max-width: 918px) 100vw, 918px\" \/>\t\t\t\t\t\t\t\t\t\t\t\t\t\t\t<\/div>\n\t\t\t\t<\/div>\n\t\t\t\t\t<\/div>\n\t\t<\/div>\n\t\t\t\t<div class=\"elementor-column elementor-col-33 elementor-top-column elementor-element elementor-element-104e105 elementor-invisible\" data-id=\"104e105\" data-element_type=\"column\" data-settings=\"{&quot;animation&quot;:&quot;fadeInUp&quot;}\">\n\t\t\t<div class=\"elementor-widget-wrap elementor-element-populated\">\n\t\t\t\t\t\t<div class=\"elementor-element elementor-element-114ff5f elementor-widget elementor-widget-image\" data-id=\"114ff5f\" data-element_type=\"widget\" data-widget_type=\"image.default\">\n\t\t\t\t<div class=\"elementor-widget-container\">\n\t\t\t\t\t\t\t\t\t\t\t\t\t\t\t<img decoding=\"async\" width=\"2546\" height=\"1732\" data-src=\"https:\/\/www.forsthoff.com\/wp-content\/uploads\/2022\/11\/oem3-spiegel.jpg\" class=\"attachment-full size-full wp-image-7783 lazyload\" alt=\"\" data-srcset=\"https:\/\/www.forsthoff.com\/wp-content\/uploads\/2022\/11\/oem3-spiegel.jpg 2546w, https:\/\/www.forsthoff.com\/wp-content\/smush-webp\/2022\/11\/oem3-spiegel-300x204.jpg.webp 300w, https:\/\/www.forsthoff.com\/wp-content\/smush-webp\/2022\/11\/oem3-spiegel-1024x697.jpg.webp 1024w, https:\/\/www.forsthoff.com\/wp-content\/smush-webp\/2022\/11\/oem3-spiegel-768x522.jpg.webp 768w, https:\/\/www.forsthoff.com\/wp-content\/smush-webp\/2022\/11\/oem3-spiegel-1536x1045.jpg.webp 1536w, https:\/\/www.forsthoff.com\/wp-content\/smush-webp\/2022\/11\/oem3-spiegel-2048x1393.jpg.webp 2048w\" data-sizes=\"(max-width: 2546px) 100vw, 2546px\" src=\"data:image\/svg+xml;base64,PHN2ZyB3aWR0aD0iMSIgaGVpZ2h0PSIxIiB4bWxucz0iaHR0cDovL3d3dy53My5vcmcvMjAwMC9zdmciPjwvc3ZnPg==\" style=\"--smush-placeholder-width: 2546px; --smush-placeholder-aspect-ratio: 2546\/1732;\" \/>\t\t\t\t\t\t\t\t\t\t\t\t\t\t\t<\/div>\n\t\t\t\t<\/div>\n\t\t\t\t\t<\/div>\n\t\t<\/div>\n\t\t\t\t<div class=\"elementor-column elementor-col-33 elementor-top-column elementor-element elementor-element-131414e elementor-invisible\" data-id=\"131414e\" data-element_type=\"column\" data-settings=\"{&quot;animation&quot;:&quot;fadeInUp&quot;}\">\n\t\t\t<div class=\"elementor-widget-wrap elementor-element-populated\">\n\t\t\t\t\t\t<div class=\"elementor-element elementor-element-d6c5081 elementor-widget elementor-widget-image\" data-id=\"d6c5081\" data-element_type=\"widget\" data-widget_type=\"image.default\">\n\t\t\t\t<div class=\"elementor-widget-container\">\n\t\t\t\t\t\t\t\t\t\t\t\t\t\t\t<img decoding=\"async\" width=\"2555\" height=\"1531\" data-src=\"https:\/\/www.forsthoff.com\/wp-content\/uploads\/2022\/11\/oem-orange.jpg\" class=\"attachment-full size-full wp-image-7779 lazyload\" alt=\"\" data-srcset=\"https:\/\/www.forsthoff.com\/wp-content\/uploads\/2022\/11\/oem-orange.jpg 2555w, https:\/\/www.forsthoff.com\/wp-content\/smush-webp\/2022\/11\/oem-orange-300x180.jpg.webp 300w, https:\/\/www.forsthoff.com\/wp-content\/smush-webp\/2022\/11\/oem-orange-1024x614.jpg.webp 1024w, https:\/\/www.forsthoff.com\/wp-content\/smush-webp\/2022\/11\/oem-orange-768x460.jpg.webp 768w, https:\/\/www.forsthoff.com\/wp-content\/smush-webp\/2022\/11\/oem-orange-1536x920.jpg.webp 1536w, https:\/\/www.forsthoff.com\/wp-content\/smush-webp\/2022\/11\/oem-orange-2048x1227.jpg.webp 2048w\" data-sizes=\"(max-width: 2555px) 100vw, 2555px\" src=\"data:image\/svg+xml;base64,PHN2ZyB3aWR0aD0iMSIgaGVpZ2h0PSIxIiB4bWxucz0iaHR0cDovL3d3dy53My5vcmcvMjAwMC9zdmciPjwvc3ZnPg==\" style=\"--smush-placeholder-width: 2555px; --smush-placeholder-aspect-ratio: 2555\/1531;\" \/>\t\t\t\t\t\t\t\t\t\t\t\t\t\t\t<\/div>\n\t\t\t\t<\/div>\n\t\t\t\t\t<\/div>\n\t\t<\/div>\n\t\t\t\t\t<\/div>\n\t\t<\/section>\n\t\t\t\t<\/div>\n\t\t","protected":false},"excerpt":{"rendered":"<p>Marque priv\u00e9e \/ Produits OEM Page d&rsquo;accueil \u00c0 propos de nous Marque priv\u00e9e\/Produits OEM Nous sommes l&rsquo;un des plus grands fabricants OEM dans le domaine des appareils \u00e0 air chaud et fabriquons des produits de marque priv\u00e9e pour un grand nombre d&rsquo;entreprises dans le monde entier. Nous proposons ce service pour l&rsquo;ensemble de notre gamme, [&hellip;]<\/p>\n","protected":false},"author":1,"featured_media":0,"parent":0,"menu_order":0,"comment_status":"closed","ping_status":"closed","template":"","meta":{"om_disable_all_campaigns":false,"_monsterinsights_skip_tracking":false,"_monsterinsights_sitenote_active":false,"_monsterinsights_sitenote_note":"","_monsterinsights_sitenote_category":0,"footnotes":""},"class_list":["post-11710","page","type-page","status-publish","hentry"],"aioseo_notices":[],"_links":{"self":[{"href":"https:\/\/www.forsthoff.com\/fr\/wp-json\/wp\/v2\/pages\/11710","targetHints":{"allow":["GET"]}}],"collection":[{"href":"https:\/\/www.forsthoff.com\/fr\/wp-json\/wp\/v2\/pages"}],"about":[{"href":"https:\/\/www.forsthoff.com\/fr\/wp-json\/wp\/v2\/types\/page"}],"author":[{"embeddable":true,"href":"https:\/\/www.forsthoff.com\/fr\/wp-json\/wp\/v2\/users\/1"}],"replies":[{"embeddable":true,"href":"https:\/\/www.forsthoff.com\/fr\/wp-json\/wp\/v2\/comments?post=11710"}],"version-history":[{"count":9,"href":"https:\/\/www.forsthoff.com\/fr\/wp-json\/wp\/v2\/pages\/11710\/revisions"}],"predecessor-version":[{"id":15041,"href":"https:\/\/www.forsthoff.com\/fr\/wp-json\/wp\/v2\/pages\/11710\/revisions\/15041"}],"wp:attachment":[{"href":"https:\/\/www.forsthoff.com\/fr\/wp-json\/wp\/v2\/media?parent=11710"}],"curies":[{"name":"wp","href":"https:\/\/api.w.org\/{rel}","templated":true}]}}