{"id":11435,"date":"2022-10-10T14:24:41","date_gmt":"2022-10-10T12:24:41","guid":{"rendered":"https:\/\/forsthoff.werbago.com\/rouleaux-de-pression-en-laiton\/"},"modified":"2023-07-30T08:31:49","modified_gmt":"2023-07-30T06:31:49","slug":"rouleaux-de-pression-en-laiton","status":"publish","type":"page","link":"https:\/\/www.forsthoff.com\/fr\/rouleaux-de-pression-en-laiton\/","title":{"rendered":"Rouleaux de pression en laiton"},"content":{"rendered":"\t\t<div data-elementor-type=\"wp-page\" data-elementor-id=\"11435\" class=\"elementor elementor-11435 elementor-6485\" data-elementor-post-type=\"page\">\n\t\t\t\t\t\t<section class=\"elementor-section elementor-top-section elementor-element elementor-element-1ebd49a elementor-section-boxed elementor-section-height-default elementor-section-height-default\" data-id=\"1ebd49a\" data-element_type=\"section\" data-settings=\"{&quot;background_background&quot;:&quot;classic&quot;}\">\n\t\t\t\t\t\t\t<div class=\"elementor-background-overlay\"><\/div>\n\t\t\t\t\t\t\t<div class=\"elementor-container elementor-column-gap-default\">\n\t\t\t\t\t<div class=\"elementor-column elementor-col-100 elementor-top-column elementor-element elementor-element-0921f10\" data-id=\"0921f10\" data-element_type=\"column\">\n\t\t\t<div class=\"elementor-widget-wrap elementor-element-populated\">\n\t\t\t\t\t\t<div class=\"elementor-element elementor-element-45ca78a elementor-widget elementor-widget-heading\" data-id=\"45ca78a\" data-element_type=\"widget\" data-widget_type=\"heading.default\">\n\t\t\t\t<div class=\"elementor-widget-container\">\n\t\t\t\t\t<h5 class=\"elementor-heading-title elementor-size-default\">Rouleaux de pression en laiton<\/h5>\t\t\t\t<\/div>\n\t\t\t\t<\/div>\n\t\t\t\t<div class=\"elementor-element elementor-element-77551e4 elementor-icon-list--layout-inline elementor-align-center elementor-list-item-link-full_width elementor-widget elementor-widget-icon-list\" data-id=\"77551e4\" data-element_type=\"widget\" data-widget_type=\"icon-list.default\">\n\t\t\t\t<div class=\"elementor-widget-container\">\n\t\t\t\t\t\t\t<ul class=\"elementor-icon-list-items elementor-inline-items\">\n\t\t\t\t\t\t\t<li class=\"elementor-icon-list-item elementor-inline-item\">\n\t\t\t\t\t\t\t\t\t\t\t<a href=\"https:\/\/www.forsthoff.com\/fr\/\">\n\n\t\t\t\t\t\t\t\t\t\t\t<span class=\"elementor-icon-list-text\">Page d'accueil <\/span>\n\t\t\t\t\t\t\t\t\t\t\t<\/a>\n\t\t\t\t\t\t\t\t\t<\/li>\n\t\t\t\t\t\t\t\t<li class=\"elementor-icon-list-item elementor-inline-item\">\n\t\t\t\t\t\t\t\t\t\t\t<a href=\"https:\/\/www.forsthoff.com\/fr\/produits\/\">\n\n\t\t\t\t\t\t\t\t\t\t\t<span class=\"elementor-icon-list-text\">Produits <\/span>\n\t\t\t\t\t\t\t\t\t\t\t<\/a>\n\t\t\t\t\t\t\t\t\t<\/li>\n\t\t\t\t\t\t\t\t<li class=\"elementor-icon-list-item elementor-inline-item\">\n\t\t\t\t\t\t\t\t\t\t\t<a href=\"https:\/\/www.forsthoff.com\/fr\/rouleaux-de-pression\/\">\n\n\t\t\t\t\t\t\t\t\t\t\t<span class=\"elementor-icon-list-text\">Rouleaux de pression<\/span>\n\t\t\t\t\t\t\t\t\t\t\t<\/a>\n\t\t\t\t\t\t\t\t\t<\/li>\n\t\t\t\t\t\t\t\t<li class=\"elementor-icon-list-item elementor-inline-item\">\n\t\t\t\t\t\t\t\t\t\t\t<a href=\"https:\/\/www.forsthoff.com\/fr\/rouleaux-de-pression-en-laiton\/\">\n\n\t\t\t\t\t\t\t\t\t\t\t<span class=\"elementor-icon-list-text\">Rouleaux de pression en laiton<\/span>\n\t\t\t\t\t\t\t\t\t\t\t<\/a>\n\t\t\t\t\t\t\t\t\t<\/li>\n\t\t\t\t\t\t<\/ul>\n\t\t\t\t\t\t<\/div>\n\t\t\t\t<\/div>\n\t\t\t\t<div class=\"elementor-element elementor-element-62be267 elementor-widget elementor-widget-premium-divider\" data-id=\"62be267\" data-element_type=\"widget\" data-widget_type=\"premium-divider.default\">\n\t\t\t\t<div class=\"elementor-widget-container\">\n\t\t\t\t\t\r\n\t\t<div class=\"premium-bordered-top premium-separator-container premium-separator-solid\" data-settings=\"solid\">\r\n\t\t\t<div class=\"premium-separator-wrapper\">\r\n\t\t\t\t<div class=\"premium-separator-wrapper-separator\">\r\n\t\t\t\t\t<div class=\"premium-separator-wrapper-separator-divider\">\r\n\t\t\t\t\t\t<div class=\"premium-separator-inner\">\r\n\t\t\t\t\t\t\t\r\n\t\t\t\t\t\t\t\t<div class=\"premium-separator-content-wrapper\">\r\n\t\t\t\t\t\t\t\t\t\t\t\t\t\t\t\t\t\t\t<div class=\"premium-separator-divider-left premium-separator-left-side premium-svg-nodraw\">\r\n\t\t\t\t\t\t\t\t\t\t\tseparators_two_span\t\t\t\t\t\t\t\t\t\t<\/div>\r\n\t\t\t\t\t\t\t\t\t\r\n\t\t\t\t\t\t\t\t\t\r\n\t\t\t\t\t\t\t\t\t\t\t\t\t\t\t\t\t\t\t<div class=\"premium-separator-divider-right premium-separator-right-side premium-svg-nodraw\">\r\n\t\t\t\t\t\t\t\t\t\t\tseparators_two_span\t\t\t\t\t\t\t\t\t\t<\/div>\r\n\t\t\t\t\t\t\t\t\t\t\t\t\t\t\t\t\t<\/div>\r\n\r\n\t\t\t\t\t\t\t\r\n\t\t\t\t\t\t\t<\/div>\r\n\r\n\t\t\t\t\t\t<\/div>\r\n\r\n\t\t\t\t<\/div>\r\n\r\n\t\t\t\t<div class=\"premium-clearfix\"><\/div>\r\n\r\n\t\t\t<\/div>\r\n\r\n\t\t<\/div>\r\n\r\n\t\t\t\t\t\t<\/div>\n\t\t\t\t<\/div>\n\t\t\t\t<div class=\"elementor-element elementor-element-eb23093 elementor-widget elementor-widget-text-editor\" data-id=\"eb23093\" data-element_type=\"widget\" data-widget_type=\"text-editor.default\">\n\t\t\t\t<div class=\"elementor-widget-container\">\n\t\t\t\t\t\t\t\t\t<p>Les rouleaux de pression en laiton pour des applications sp\u00e9ciales, comme un rouleau de pression convexe pour les rev\u00eatements de toiture et un rouleau de pression pour le fil de soudage<\/p>\n\t\t\t\t\t\t\t\t<\/div>\n\t\t\t\t<\/div>\n\t\t\t\t\t<\/div>\n\t\t<\/div>\n\t\t\t\t\t<\/div>\n\t\t<\/section>\n\t\t\t\t<section class=\"elementor-section elementor-top-section elementor-element elementor-element-3be0108 elementor-section-boxed elementor-section-height-default elementor-section-height-default\" data-id=\"3be0108\" data-element_type=\"section\" data-settings=\"{&quot;background_background&quot;:&quot;classic&quot;}\">\n\t\t\t\t\t\t<div class=\"elementor-container elementor-column-gap-custom\">\n\t\t\t\t\t<div class=\"elementor-column elementor-col-33 elementor-top-column elementor-element elementor-element-ed88622\" data-id=\"ed88622\" data-element_type=\"column\" data-settings=\"{&quot;background_background&quot;:&quot;classic&quot;}\">\n\t\t\t<div class=\"elementor-widget-wrap elementor-element-populated\">\n\t\t\t\t\t\t<section class=\"elementor-section elementor-inner-section elementor-element elementor-element-2fa851c elementor-section-height-min-height elementor-section-boxed elementor-section-height-default\" data-id=\"2fa851c\" data-element_type=\"section\">\n\t\t\t\t\t\t<div class=\"elementor-container elementor-column-gap-default\">\n\t\t\t\t\t<div class=\"elementor-column elementor-col-100 elementor-inner-column elementor-element elementor-element-541b302\" data-id=\"541b302\" data-element_type=\"column\" data-settings=\"{&quot;background_background&quot;:&quot;classic&quot;}\">\n\t\t\t<div class=\"elementor-widget-wrap elementor-element-populated\">\n\t\t\t\t\t\t<div class=\"elementor-element elementor-element-43b7107 produkt elementor-widget elementor-widget-image\" data-id=\"43b7107\" data-element_type=\"widget\" data-widget_type=\"image.default\">\n\t\t\t\t<div class=\"elementor-widget-container\">\n\t\t\t\t\t\t\t\t\t\t\t\t\t\t\t<img fetchpriority=\"high\" decoding=\"async\" width=\"500\" height=\"299\" src=\"https:\/\/www.forsthoff.com\/wp-content\/uploads\/2022\/07\/6993-e1677504813690.jpg\" class=\"attachment-large size-large wp-image-2854\" alt=\"\" \/>\t\t\t\t\t\t\t\t\t\t\t\t\t\t\t<\/div>\n\t\t\t\t<\/div>\n\t\t\t\t<div class=\"elementor-element elementor-element-c23997a elementor-widget elementor-widget-heading\" data-id=\"c23997a\" data-element_type=\"widget\" data-widget_type=\"heading.default\">\n\t\t\t\t<div class=\"elementor-widget-container\">\n\t\t\t\t\t<h2 class=\"elementor-heading-title elementor-size-default\">Rouleau de pression convexe 30 mm<\/h2>\t\t\t\t<\/div>\n\t\t\t\t<\/div>\n\t\t\t\t<div class=\"elementor-element elementor-element-c7e88e8 elementor-widget elementor-widget-premium-divider\" data-id=\"c7e88e8\" data-element_type=\"widget\" data-widget_type=\"premium-divider.default\">\n\t\t\t\t<div class=\"elementor-widget-container\">\n\t\t\t\t\t\r\n\t\t<div class=\"premium-bordered-top premium-separator-container premium-separator-solid\" data-settings=\"solid\">\r\n\t\t\t<div class=\"premium-separator-wrapper\">\r\n\t\t\t\t<div class=\"premium-separator-wrapper-separator\">\r\n\t\t\t\t\t<div class=\"premium-separator-wrapper-separator-divider\">\r\n\t\t\t\t\t\t<div class=\"premium-separator-inner\">\r\n\t\t\t\t\t\t\t\r\n\t\t\t\t\t\t\t\t<div class=\"premium-separator-content-wrapper\">\r\n\t\t\t\t\t\t\t\t\t\t\t\t\t\t\t\t\t\t\t<div class=\"premium-separator-divider-left premium-separator-left-side premium-svg-nodraw\">\r\n\t\t\t\t\t\t\t\t\t\t\tseparators_two_span\t\t\t\t\t\t\t\t\t\t<\/div>\r\n\t\t\t\t\t\t\t\t\t\r\n\t\t\t\t\t\t\t\t\t\r\n\t\t\t\t\t\t\t\t\t\t\t\t\t\t\t\t\t\t\t<div class=\"premium-separator-divider-right premium-separator-right-side premium-svg-nodraw\">\r\n\t\t\t\t\t\t\t\t\t\t\tseparators_two_span\t\t\t\t\t\t\t\t\t\t<\/div>\r\n\t\t\t\t\t\t\t\t\t\t\t\t\t\t\t\t\t<\/div>\r\n\r\n\t\t\t\t\t\t\t\r\n\t\t\t\t\t\t\t<\/div>\r\n\r\n\t\t\t\t\t\t<\/div>\r\n\r\n\t\t\t\t<\/div>\r\n\r\n\t\t\t\t<div class=\"premium-clearfix\"><\/div>\r\n\r\n\t\t\t<\/div>\r\n\r\n\t\t<\/div>\r\n\r\n\t\t\t\t\t\t<\/div>\n\t\t\t\t<\/div>\n\t\t\t\t<div class=\"elementor-element elementor-element-0f87001 elementor-widget elementor-widget-text-editor\" data-id=\"0f87001\" data-element_type=\"widget\" data-widget_type=\"text-editor.default\">\n\t\t\t\t<div class=\"elementor-widget-container\">\n\t\t\t\t\t\t\t\t\t<p>(R\u00e9f. &#8211; N \u00b0 : 6993)<\/p>\n<p>Rouleau de pression avec roue en laiton et rouleau en laiton \u00e9troit et convexe ; adapt\u00e9 aux bords int\u00e9rieurs pour les rev\u00eatements de toiture et les textiles techniques<\/p>\n\t\t\t\t\t\t\t\t<\/div>\n\t\t\t\t<\/div>\n\t\t\t\t\t<\/div>\n\t\t<\/div>\n\t\t\t\t\t<\/div>\n\t\t<\/section>\n\t\t\t\t\t<\/div>\n\t\t<\/div>\n\t\t\t\t<div class=\"elementor-column elementor-col-33 elementor-top-column elementor-element elementor-element-189d845\" data-id=\"189d845\" data-element_type=\"column\" data-settings=\"{&quot;background_background&quot;:&quot;classic&quot;}\">\n\t\t\t<div class=\"elementor-widget-wrap elementor-element-populated\">\n\t\t\t\t\t\t<section class=\"elementor-section elementor-inner-section elementor-element elementor-element-b9fad99 elementor-section-height-min-height elementor-section-boxed elementor-section-height-default\" data-id=\"b9fad99\" data-element_type=\"section\">\n\t\t\t\t\t\t<div class=\"elementor-container elementor-column-gap-default\">\n\t\t\t\t\t<div class=\"elementor-column elementor-col-100 elementor-inner-column elementor-element elementor-element-615e636\" data-id=\"615e636\" data-element_type=\"column\" data-settings=\"{&quot;background_background&quot;:&quot;classic&quot;}\">\n\t\t\t<div class=\"elementor-widget-wrap elementor-element-populated\">\n\t\t\t\t\t\t<div class=\"elementor-element elementor-element-a799c0f produkt elementor-widget elementor-widget-image\" data-id=\"a799c0f\" data-element_type=\"widget\" data-widget_type=\"image.default\">\n\t\t\t\t<div class=\"elementor-widget-container\">\n\t\t\t\t\t\t\t\t\t\t\t\t\t\t\t<img decoding=\"async\" width=\"500\" height=\"299\" data-src=\"https:\/\/www.forsthoff.com\/wp-content\/uploads\/2022\/07\/7005-e1677505057991.jpg\" class=\"attachment-large size-large wp-image-2908 lazyload\" alt=\"\" src=\"data:image\/svg+xml;base64,PHN2ZyB3aWR0aD0iMSIgaGVpZ2h0PSIxIiB4bWxucz0iaHR0cDovL3d3dy53My5vcmcvMjAwMC9zdmciPjwvc3ZnPg==\" style=\"--smush-placeholder-width: 500px; --smush-placeholder-aspect-ratio: 500\/299;\" \/>\t\t\t\t\t\t\t\t\t\t\t\t\t\t\t<\/div>\n\t\t\t\t<\/div>\n\t\t\t\t<div class=\"elementor-element elementor-element-3ff9f1f elementor-widget elementor-widget-heading\" data-id=\"3ff9f1f\" data-element_type=\"widget\" data-widget_type=\"heading.default\">\n\t\t\t\t<div class=\"elementor-widget-container\">\n\t\t\t\t\t<h2 class=\"elementor-heading-title elementor-size-default\">Rouleau de pression laiton 5mm pour le fil de soudure<\/h2>\t\t\t\t<\/div>\n\t\t\t\t<\/div>\n\t\t\t\t<div class=\"elementor-element elementor-element-d7ca689 elementor-widget elementor-widget-premium-divider\" data-id=\"d7ca689\" data-element_type=\"widget\" data-widget_type=\"premium-divider.default\">\n\t\t\t\t<div class=\"elementor-widget-container\">\n\t\t\t\t\t\r\n\t\t<div class=\"premium-bordered-top premium-separator-container premium-separator-solid\" data-settings=\"solid\">\r\n\t\t\t<div class=\"premium-separator-wrapper\">\r\n\t\t\t\t<div class=\"premium-separator-wrapper-separator\">\r\n\t\t\t\t\t<div class=\"premium-separator-wrapper-separator-divider\">\r\n\t\t\t\t\t\t<div class=\"premium-separator-inner\">\r\n\t\t\t\t\t\t\t\r\n\t\t\t\t\t\t\t\t<div class=\"premium-separator-content-wrapper\">\r\n\t\t\t\t\t\t\t\t\t\t\t\t\t\t\t\t\t\t\t<div class=\"premium-separator-divider-left premium-separator-left-side premium-svg-nodraw\">\r\n\t\t\t\t\t\t\t\t\t\t\tseparators_two_span\t\t\t\t\t\t\t\t\t\t<\/div>\r\n\t\t\t\t\t\t\t\t\t\r\n\t\t\t\t\t\t\t\t\t\r\n\t\t\t\t\t\t\t\t\t\t\t\t\t\t\t\t\t\t\t<div class=\"premium-separator-divider-right premium-separator-right-side premium-svg-nodraw\">\r\n\t\t\t\t\t\t\t\t\t\t\tseparators_two_span\t\t\t\t\t\t\t\t\t\t<\/div>\r\n\t\t\t\t\t\t\t\t\t\t\t\t\t\t\t\t\t<\/div>\r\n\r\n\t\t\t\t\t\t\t\r\n\t\t\t\t\t\t\t<\/div>\r\n\r\n\t\t\t\t\t\t<\/div>\r\n\r\n\t\t\t\t<\/div>\r\n\r\n\t\t\t\t<div class=\"premium-clearfix\"><\/div>\r\n\r\n\t\t\t<\/div>\r\n\r\n\t\t<\/div>\r\n\r\n\t\t\t\t\t\t<\/div>\n\t\t\t\t<\/div>\n\t\t\t\t<div class=\"elementor-element elementor-element-a6ef949 elementor-widget elementor-widget-text-editor\" data-id=\"a6ef949\" data-element_type=\"widget\" data-widget_type=\"text-editor.default\">\n\t\t\t\t<div class=\"elementor-widget-container\">\n\t\t\t\t\t\t\t\t\t<p>(R\u00e9f. &#8211; N \u00b0 : 7005)<\/p>\n<p>Rouleau de pression avec roue en laiton pour fil de soudure comme outil de pose de rev\u00eatement de sol<\/p>\n\t\t\t\t\t\t\t\t<\/div>\n\t\t\t\t<\/div>\n\t\t\t\t\t<\/div>\n\t\t<\/div>\n\t\t\t\t\t<\/div>\n\t\t<\/section>\n\t\t\t\t\t<\/div>\n\t\t<\/div>\n\t\t\t\t<div class=\"elementor-column elementor-col-33 elementor-top-column elementor-element elementor-element-5b7878f\" data-id=\"5b7878f\" data-element_type=\"column\" data-settings=\"{&quot;background_background&quot;:&quot;classic&quot;}\">\n\t\t\t<div class=\"elementor-widget-wrap\">\n\t\t\t\t\t\t\t<\/div>\n\t\t<\/div>\n\t\t\t\t\t<\/div>\n\t\t<\/section>\n\t\t\t\t<\/div>\n\t\t","protected":false},"excerpt":{"rendered":"<p>Rouleaux de pression en laiton Page d&rsquo;accueil Produits Rouleaux de pression Rouleaux de pression en laiton Les rouleaux de pression en laiton pour des applications sp\u00e9ciales, comme un rouleau de pression convexe pour les rev\u00eatements de toiture et un rouleau de pression pour le fil de soudage Rouleau de pression convexe 30 mm (R\u00e9f. &#8211; [&hellip;]<\/p>\n","protected":false},"author":1,"featured_media":0,"parent":0,"menu_order":0,"comment_status":"closed","ping_status":"closed","template":"","meta":{"om_disable_all_campaigns":false,"_monsterinsights_skip_tracking":false,"_monsterinsights_sitenote_active":false,"_monsterinsights_sitenote_note":"","_monsterinsights_sitenote_category":0,"footnotes":""},"class_list":["post-11435","page","type-page","status-publish","hentry"],"aioseo_notices":[],"_links":{"self":[{"href":"https:\/\/www.forsthoff.com\/fr\/wp-json\/wp\/v2\/pages\/11435","targetHints":{"allow":["GET"]}}],"collection":[{"href":"https:\/\/www.forsthoff.com\/fr\/wp-json\/wp\/v2\/pages"}],"about":[{"href":"https:\/\/www.forsthoff.com\/fr\/wp-json\/wp\/v2\/types\/page"}],"author":[{"embeddable":true,"href":"https:\/\/www.forsthoff.com\/fr\/wp-json\/wp\/v2\/users\/1"}],"replies":[{"embeddable":true,"href":"https:\/\/www.forsthoff.com\/fr\/wp-json\/wp\/v2\/comments?post=11435"}],"version-history":[{"count":8,"href":"https:\/\/www.forsthoff.com\/fr\/wp-json\/wp\/v2\/pages\/11435\/revisions"}],"predecessor-version":[{"id":16542,"href":"https:\/\/www.forsthoff.com\/fr\/wp-json\/wp\/v2\/pages\/11435\/revisions\/16542"}],"wp:attachment":[{"href":"https:\/\/www.forsthoff.com\/fr\/wp-json\/wp\/v2\/media?parent=11435"}],"curies":[{"name":"wp","href":"https:\/\/api.w.org\/{rel}","templated":true}]}}