{"id":10987,"date":"2022-08-23T09:28:06","date_gmt":"2022-08-23T07:28:06","guid":{"rendered":"https:\/\/forsthoff.werbago.com\/souffleur-a-air-chaud\/"},"modified":"2025-07-22T13:40:26","modified_gmt":"2025-07-22T11:40:26","slug":"souffleur-a-air-chaud","status":"publish","type":"page","link":"https:\/\/www.forsthoff.com\/fr\/souffleur-a-air-chaud\/","title":{"rendered":"Souffleur \u00e0 air chaud"},"content":{"rendered":"\t\t<div data-elementor-type=\"wp-page\" data-elementor-id=\"10987\" class=\"elementor elementor-10987 elementor-4322\" data-elementor-post-type=\"page\">\n\t\t\t\t\t\t<section class=\"elementor-section elementor-top-section elementor-element elementor-element-7be8cb0 elementor-section-boxed elementor-section-height-default elementor-section-height-default\" data-id=\"7be8cb0\" data-element_type=\"section\" data-settings=\"{&quot;background_background&quot;:&quot;classic&quot;}\">\n\t\t\t\t\t\t\t<div class=\"elementor-background-overlay\"><\/div>\n\t\t\t\t\t\t\t<div class=\"elementor-container elementor-column-gap-default\">\n\t\t\t\t\t<div class=\"elementor-column elementor-col-100 elementor-top-column elementor-element elementor-element-8f1de8f\" data-id=\"8f1de8f\" data-element_type=\"column\">\n\t\t\t<div class=\"elementor-widget-wrap elementor-element-populated\">\n\t\t\t\t\t\t<div class=\"elementor-element elementor-element-134687c elementor-widget elementor-widget-heading\" data-id=\"134687c\" data-element_type=\"widget\" data-widget_type=\"heading.default\">\n\t\t\t\t<div class=\"elementor-widget-container\">\n\t\t\t\t\t<h5 class=\"elementor-heading-title elementor-size-default\">Souffleur \u00e0 air chaud<\/h5>\t\t\t\t<\/div>\n\t\t\t\t<\/div>\n\t\t\t\t<div class=\"elementor-element elementor-element-399bba3 elementor-icon-list--layout-inline elementor-align-center elementor-list-item-link-full_width elementor-widget elementor-widget-icon-list\" data-id=\"399bba3\" data-element_type=\"widget\" data-widget_type=\"icon-list.default\">\n\t\t\t\t<div class=\"elementor-widget-container\">\n\t\t\t\t\t\t\t<ul class=\"elementor-icon-list-items elementor-inline-items\">\n\t\t\t\t\t\t\t<li class=\"elementor-icon-list-item elementor-inline-item\">\n\t\t\t\t\t\t\t\t\t\t\t<a href=\"https:\/\/www.forsthoff.com\/fr\/\">\n\n\t\t\t\t\t\t\t\t\t\t\t<span class=\"elementor-icon-list-text\">Page d'accueil<\/span>\n\t\t\t\t\t\t\t\t\t\t\t<\/a>\n\t\t\t\t\t\t\t\t\t<\/li>\n\t\t\t\t\t\t\t\t<li class=\"elementor-icon-list-item elementor-inline-item\">\n\t\t\t\t\t\t\t\t\t\t\t<a href=\"https:\/\/www.forsthoff.com\/fr\/produits\/\">\n\n\t\t\t\t\t\t\t\t\t\t\t<span class=\"elementor-icon-list-text\">Produits<\/span>\n\t\t\t\t\t\t\t\t\t\t\t<\/a>\n\t\t\t\t\t\t\t\t\t<\/li>\n\t\t\t\t\t\t\t\t<li class=\"elementor-icon-list-item elementor-inline-item\">\n\t\t\t\t\t\t\t\t\t\t\t<a href=\"https:\/\/www.forsthoff.com\/fr\/souffleur-a-air-chaud\/\">\n\n\t\t\t\t\t\t\t\t\t\t\t<span class=\"elementor-icon-list-text\">Souffleur \u00e0 air chaud<\/span>\n\t\t\t\t\t\t\t\t\t\t\t<\/a>\n\t\t\t\t\t\t\t\t\t<\/li>\n\t\t\t\t\t\t<\/ul>\n\t\t\t\t\t\t<\/div>\n\t\t\t\t<\/div>\n\t\t\t\t<div class=\"elementor-element elementor-element-b4a282a elementor-widget elementor-widget-premium-divider\" data-id=\"b4a282a\" data-element_type=\"widget\" data-widget_type=\"premium-divider.default\">\n\t\t\t\t<div class=\"elementor-widget-container\">\n\t\t\t\t\t\r\n\t\t<div class=\"premium-bordered-top premium-separator-container premium-separator-solid\" data-settings=\"solid\">\r\n\t\t\t<div class=\"premium-separator-wrapper\">\r\n\t\t\t\t<div class=\"premium-separator-wrapper-separator\">\r\n\t\t\t\t\t<div class=\"premium-separator-wrapper-separator-divider\">\r\n\t\t\t\t\t\t<div class=\"premium-separator-inner\">\r\n\t\t\t\t\t\t\t\r\n\t\t\t\t\t\t\t\t<div class=\"premium-separator-content-wrapper\">\r\n\t\t\t\t\t\t\t\t\t\t\t\t\t\t\t\t\t\t\t<div class=\"premium-separator-divider-left premium-separator-left-side premium-svg-nodraw\">\r\n\t\t\t\t\t\t\t\t\t\t\tseparators_two_span\t\t\t\t\t\t\t\t\t\t<\/div>\r\n\t\t\t\t\t\t\t\t\t\r\n\t\t\t\t\t\t\t\t\t\r\n\t\t\t\t\t\t\t\t\t\t\t\t\t\t\t\t\t\t\t<div class=\"premium-separator-divider-right premium-separator-right-side premium-svg-nodraw\">\r\n\t\t\t\t\t\t\t\t\t\t\tseparators_two_span\t\t\t\t\t\t\t\t\t\t<\/div>\r\n\t\t\t\t\t\t\t\t\t\t\t\t\t\t\t\t\t<\/div>\r\n\r\n\t\t\t\t\t\t\t\r\n\t\t\t\t\t\t\t<\/div>\r\n\r\n\t\t\t\t\t\t<\/div>\r\n\r\n\t\t\t\t<\/div>\r\n\r\n\t\t\t\t<div class=\"premium-clearfix\"><\/div>\r\n\r\n\t\t\t<\/div>\r\n\r\n\t\t<\/div>\r\n\r\n\t\t\t\t\t\t<\/div>\n\t\t\t\t<\/div>\n\t\t\t\t<div class=\"elementor-element elementor-element-d1c9daf elementor-widget elementor-widget-text-editor\" data-id=\"d1c9daf\" data-element_type=\"widget\" data-widget_type=\"text-editor.default\">\n\t\t\t\t<div class=\"elementor-widget-container\">\n\t\t\t\t\t\t\t\t\t<p>Nos souffleurs \u00e0 air chaud peuvent \u00eatre utilis\u00e9s dans les applications les plus diverses suivantes : r\u00e9tr\u00e9cissement, s\u00e9chage, chauffage, activation et soudage. Ces souffleurs \u00e0 air chaud sont parfaitement adapt\u00e9s \u00e0 l&rsquo;utilisation continu et \u00e0 l&rsquo;installation dans des machines.<\/p>\n\t\t\t\t\t\t\t\t<\/div>\n\t\t\t\t<\/div>\n\t\t\t\t\t<\/div>\n\t\t<\/div>\n\t\t\t\t\t<\/div>\n\t\t<\/section>\n\t\t\t\t<section class=\"elementor-section elementor-top-section elementor-element elementor-element-79e5ee5 elementor-section-boxed elementor-section-height-default elementor-section-height-default\" data-id=\"79e5ee5\" data-element_type=\"section\" data-settings=\"{&quot;background_background&quot;:&quot;classic&quot;}\">\n\t\t\t\t\t\t<div class=\"elementor-container elementor-column-gap-custom\">\n\t\t\t\t\t<div class=\"elementor-column elementor-col-33 elementor-top-column elementor-element elementor-element-8b5a6ea\" data-id=\"8b5a6ea\" data-element_type=\"column\" data-settings=\"{&quot;background_background&quot;:&quot;classic&quot;}\">\n\t\t\t<div class=\"elementor-widget-wrap elementor-element-populated\">\n\t\t\t\t\t\t<section class=\"elementor-section elementor-inner-section elementor-element elementor-element-7c77494 elementor-section-height-min-height elementor-section-boxed elementor-section-height-default\" data-id=\"7c77494\" data-element_type=\"section\">\n\t\t\t\t\t\t<div class=\"elementor-container elementor-column-gap-default\">\n\t\t\t\t\t<div class=\"elementor-column elementor-col-100 elementor-inner-column elementor-element elementor-element-4688034\" data-id=\"4688034\" data-element_type=\"column\" data-settings=\"{&quot;background_background&quot;:&quot;classic&quot;}\">\n\t\t\t<div class=\"elementor-widget-wrap elementor-element-populated\">\n\t\t\t\t\t\t<div class=\"elementor-element elementor-element-f91aef8 produkt elementor-widget elementor-widget-image\" data-id=\"f91aef8\" data-element_type=\"widget\" data-widget_type=\"image.default\">\n\t\t\t\t<div class=\"elementor-widget-container\">\n\t\t\t\t\t\t\t\t\t\t\t\t\t\t\t\t<a href=\"https:\/\/www.forsthoff.com\/fr\/oval-g\/\">\n\t\t\t\t\t\t\t<img fetchpriority=\"high\" decoding=\"async\" width=\"800\" height=\"534\" src=\"https:\/\/www.forsthoff.com\/wp-content\/smush-webp\/2022\/08\/Oval-G-scaled-e1677567299328-1024x683.jpg.webp\" class=\"attachment-large size-large wp-image-4364\" alt=\"\" srcset=\"https:\/\/www.forsthoff.com\/wp-content\/smush-webp\/2022\/08\/Oval-G-scaled-e1677567299328-1024x683.jpg.webp 1024w, https:\/\/www.forsthoff.com\/wp-content\/smush-webp\/2022\/08\/Oval-G-scaled-e1677567299328-300x200.jpg.webp 300w, https:\/\/www.forsthoff.com\/wp-content\/smush-webp\/2022\/08\/Oval-G-scaled-e1677567299328-768x512.jpg.webp 768w, https:\/\/www.forsthoff.com\/wp-content\/smush-webp\/2022\/08\/Oval-G-scaled-e1677567299328-1536x1024.jpg.webp 1536w, https:\/\/www.forsthoff.com\/wp-content\/smush-webp\/2022\/08\/Oval-G-scaled-e1677567299328-2048x1366.jpg.webp 2048w\" sizes=\"(max-width: 800px) 100vw, 800px\" \/>\t\t\t\t\t\t\t\t<\/a>\n\t\t\t\t\t\t\t\t\t\t\t\t\t\t\t<\/div>\n\t\t\t\t<\/div>\n\t\t\t\t<div class=\"elementor-element elementor-element-ab9dd02 elementor-widget elementor-widget-heading\" data-id=\"ab9dd02\" data-element_type=\"widget\" data-widget_type=\"heading.default\">\n\t\t\t\t<div class=\"elementor-widget-container\">\n\t\t\t\t\t<h2 class=\"elementor-heading-title elementor-size-default\">Oval-G<\/h2>\t\t\t\t<\/div>\n\t\t\t\t<\/div>\n\t\t\t\t<div class=\"elementor-element elementor-element-1e13069 elementor-widget elementor-widget-premium-divider\" data-id=\"1e13069\" data-element_type=\"widget\" data-widget_type=\"premium-divider.default\">\n\t\t\t\t<div class=\"elementor-widget-container\">\n\t\t\t\t\t\r\n\t\t<div class=\"premium-bordered-top premium-separator-container premium-separator-solid\" data-settings=\"solid\">\r\n\t\t\t<div class=\"premium-separator-wrapper\">\r\n\t\t\t\t<div class=\"premium-separator-wrapper-separator\">\r\n\t\t\t\t\t<div class=\"premium-separator-wrapper-separator-divider\">\r\n\t\t\t\t\t\t<div class=\"premium-separator-inner\">\r\n\t\t\t\t\t\t\t\r\n\t\t\t\t\t\t\t\t<div class=\"premium-separator-content-wrapper\">\r\n\t\t\t\t\t\t\t\t\t\t\t\t\t\t\t\t\t\t\t<div class=\"premium-separator-divider-left premium-separator-left-side premium-svg-nodraw\">\r\n\t\t\t\t\t\t\t\t\t\t\tseparators_two_span\t\t\t\t\t\t\t\t\t\t<\/div>\r\n\t\t\t\t\t\t\t\t\t\r\n\t\t\t\t\t\t\t\t\t\r\n\t\t\t\t\t\t\t\t\t\t\t\t\t\t\t\t\t\t\t<div class=\"premium-separator-divider-right premium-separator-right-side premium-svg-nodraw\">\r\n\t\t\t\t\t\t\t\t\t\t\tseparators_two_span\t\t\t\t\t\t\t\t\t\t<\/div>\r\n\t\t\t\t\t\t\t\t\t\t\t\t\t\t\t\t\t<\/div>\r\n\r\n\t\t\t\t\t\t\t\r\n\t\t\t\t\t\t\t<\/div>\r\n\r\n\t\t\t\t\t\t<\/div>\r\n\r\n\t\t\t\t<\/div>\r\n\r\n\t\t\t\t<div class=\"premium-clearfix\"><\/div>\r\n\r\n\t\t\t<\/div>\r\n\r\n\t\t<\/div>\r\n\r\n\t\t\t\t\t\t<\/div>\n\t\t\t\t<\/div>\n\t\t\t\t<div class=\"elementor-element elementor-element-7d35839 elementor-widget elementor-widget-text-editor\" data-id=\"7d35839\" data-element_type=\"widget\" data-widget_type=\"text-editor.default\">\n\t\t\t\t<div class=\"elementor-widget-container\">\n\t\t\t\t\t\t\t\t\t<p>Avec sa puissance jusqu&rsquo;\u00e0 3400W, le souffleur d&rsquo;air chaud Oval-G est un puissant appareil \u00e0 air chaud. Ce souffleur peut \u00eatre chauff\u00e9 en continu jusqu&rsquo;\u00e0 700 \u00b0C. Ce puissant souffleur \u00e0 air chaud produit un d\u00e9bit d&rsquo;air de 360 litres par minute.<\/p>\n\t\t\t\t\t\t\t\t<\/div>\n\t\t\t\t<\/div>\n\t\t\t\t\t<\/div>\n\t\t<\/div>\n\t\t\t\t\t<\/div>\n\t\t<\/section>\n\t\t\t\t<section class=\"elementor-section elementor-inner-section elementor-element elementor-element-9617d9b elementor-section-height-min-height elementor-section-boxed elementor-section-height-default\" data-id=\"9617d9b\" data-element_type=\"section\">\n\t\t\t\t\t\t<div class=\"elementor-container elementor-column-gap-default\">\n\t\t\t\t\t<div class=\"elementor-column elementor-col-100 elementor-inner-column elementor-element elementor-element-8a01391\" data-id=\"8a01391\" data-element_type=\"column\" data-settings=\"{&quot;background_background&quot;:&quot;classic&quot;}\">\n\t\t\t<div class=\"elementor-widget-wrap elementor-element-populated\">\n\t\t\t\t\t\t<div class=\"elementor-element elementor-element-c8b51da elementor-align-justify elementor-widget elementor-widget-button\" data-id=\"c8b51da\" data-element_type=\"widget\" data-settings=\"{&quot;_animation&quot;:&quot;none&quot;}\" data-widget_type=\"button.default\">\n\t\t\t\t<div class=\"elementor-widget-container\">\n\t\t\t\t\t\t\t\t\t<div class=\"elementor-button-wrapper\">\n\t\t\t\t\t<a class=\"elementor-button elementor-button-link elementor-size-sm\" href=\"https:\/\/www.forsthoff.com\/fr\/oval-g\/\">\n\t\t\t\t\t\t<span class=\"elementor-button-content-wrapper\">\n\t\t\t\t\t\t<span class=\"elementor-button-icon\">\n\t\t\t\t<i aria-hidden=\"true\" class=\"fas fa-arrow-right\"><\/i>\t\t\t<\/span>\n\t\t\t\t\t\t\t\t\t<span class=\"elementor-button-text\">\u200bEN SAVOIR PLUS\u200b<\/span>\n\t\t\t\t\t<\/span>\n\t\t\t\t\t<\/a>\n\t\t\t\t<\/div>\n\t\t\t\t\t\t\t\t<\/div>\n\t\t\t\t<\/div>\n\t\t\t\t\t<\/div>\n\t\t<\/div>\n\t\t\t\t\t<\/div>\n\t\t<\/section>\n\t\t\t\t\t<\/div>\n\t\t<\/div>\n\t\t\t\t<div class=\"elementor-column elementor-col-33 elementor-top-column elementor-element elementor-element-b49c602\" data-id=\"b49c602\" data-element_type=\"column\" data-settings=\"{&quot;background_background&quot;:&quot;classic&quot;}\">\n\t\t\t<div class=\"elementor-widget-wrap elementor-element-populated\">\n\t\t\t\t\t\t<section class=\"elementor-section elementor-inner-section elementor-element elementor-element-5ff943e elementor-section-height-min-height elementor-section-boxed elementor-section-height-default\" data-id=\"5ff943e\" data-element_type=\"section\">\n\t\t\t\t\t\t<div class=\"elementor-container elementor-column-gap-default\">\n\t\t\t\t\t<div class=\"elementor-column elementor-col-100 elementor-inner-column elementor-element elementor-element-4ce6b0f\" data-id=\"4ce6b0f\" data-element_type=\"column\" data-settings=\"{&quot;background_background&quot;:&quot;classic&quot;}\">\n\t\t\t<div class=\"elementor-widget-wrap elementor-element-populated\">\n\t\t\t\t\t\t<div class=\"elementor-element elementor-element-606cd8e produkt elementor-widget elementor-widget-image\" data-id=\"606cd8e\" data-element_type=\"widget\" data-widget_type=\"image.default\">\n\t\t\t\t<div class=\"elementor-widget-container\">\n\t\t\t\t\t\t\t\t\t\t\t\t\t\t\t\t<a href=\"https:\/\/www.forsthoff.com\/fr\/grand-s-electronic\/\">\n\t\t\t\t\t\t\t<img decoding=\"async\" width=\"800\" height=\"523\" data-src=\"https:\/\/www.forsthoff.com\/wp-content\/smush-webp\/2022\/08\/Grand-S-electronic-1-1024x669.png.webp\" class=\"attachment-large size-large wp-image-4487 lazyload\" alt=\"\" data-srcset=\"https:\/\/www.forsthoff.com\/wp-content\/smush-webp\/2022\/08\/Grand-S-electronic-1-1024x669.png.webp 1024w, https:\/\/www.forsthoff.com\/wp-content\/smush-webp\/2022\/08\/Grand-S-electronic-1-300x196.png.webp 300w, https:\/\/www.forsthoff.com\/wp-content\/smush-webp\/2022\/08\/Grand-S-electronic-1-768x502.png.webp 768w, https:\/\/www.forsthoff.com\/wp-content\/uploads\/2022\/08\/Grand-S-electronic-1.png 1200w\" data-sizes=\"(max-width: 800px) 100vw, 800px\" src=\"data:image\/svg+xml;base64,PHN2ZyB3aWR0aD0iMSIgaGVpZ2h0PSIxIiB4bWxucz0iaHR0cDovL3d3dy53My5vcmcvMjAwMC9zdmciPjwvc3ZnPg==\" style=\"--smush-placeholder-width: 800px; --smush-placeholder-aspect-ratio: 800\/523;\" \/>\t\t\t\t\t\t\t\t<\/a>\n\t\t\t\t\t\t\t\t\t\t\t\t\t\t\t<\/div>\n\t\t\t\t<\/div>\n\t\t\t\t<div class=\"elementor-element elementor-element-4fff12c elementor-widget elementor-widget-heading\" data-id=\"4fff12c\" data-element_type=\"widget\" data-widget_type=\"heading.default\">\n\t\t\t\t<div class=\"elementor-widget-container\">\n\t\t\t\t\t<h2 class=\"elementor-heading-title elementor-size-default\">Grand-S-electronic<\/h2>\t\t\t\t<\/div>\n\t\t\t\t<\/div>\n\t\t\t\t<div class=\"elementor-element elementor-element-cf7c0fc elementor-widget elementor-widget-premium-divider\" data-id=\"cf7c0fc\" data-element_type=\"widget\" data-widget_type=\"premium-divider.default\">\n\t\t\t\t<div class=\"elementor-widget-container\">\n\t\t\t\t\t\r\n\t\t<div class=\"premium-bordered-top premium-separator-container premium-separator-solid\" data-settings=\"solid\">\r\n\t\t\t<div class=\"premium-separator-wrapper\">\r\n\t\t\t\t<div class=\"premium-separator-wrapper-separator\">\r\n\t\t\t\t\t<div class=\"premium-separator-wrapper-separator-divider\">\r\n\t\t\t\t\t\t<div class=\"premium-separator-inner\">\r\n\t\t\t\t\t\t\t\r\n\t\t\t\t\t\t\t\t<div class=\"premium-separator-content-wrapper\">\r\n\t\t\t\t\t\t\t\t\t\t\t\t\t\t\t\t\t\t\t<div class=\"premium-separator-divider-left premium-separator-left-side premium-svg-nodraw\">\r\n\t\t\t\t\t\t\t\t\t\t\tseparators_two_span\t\t\t\t\t\t\t\t\t\t<\/div>\r\n\t\t\t\t\t\t\t\t\t\r\n\t\t\t\t\t\t\t\t\t\r\n\t\t\t\t\t\t\t\t\t\t\t\t\t\t\t\t\t\t\t<div class=\"premium-separator-divider-right premium-separator-right-side premium-svg-nodraw\">\r\n\t\t\t\t\t\t\t\t\t\t\tseparators_two_span\t\t\t\t\t\t\t\t\t\t<\/div>\r\n\t\t\t\t\t\t\t\t\t\t\t\t\t\t\t\t\t<\/div>\r\n\r\n\t\t\t\t\t\t\t\r\n\t\t\t\t\t\t\t<\/div>\r\n\r\n\t\t\t\t\t\t<\/div>\r\n\r\n\t\t\t\t<\/div>\r\n\r\n\t\t\t\t<div class=\"premium-clearfix\"><\/div>\r\n\r\n\t\t\t<\/div>\r\n\r\n\t\t<\/div>\r\n\r\n\t\t\t\t\t\t<\/div>\n\t\t\t\t<\/div>\n\t\t\t\t<div class=\"elementor-element elementor-element-34a43f6 elementor-widget elementor-widget-text-editor\" data-id=\"34a43f6\" data-element_type=\"widget\" data-widget_type=\"text-editor.default\">\n\t\t\t\t<div class=\"elementor-widget-container\">\n\t\t\t\t\t\t\t\t\t<p>\u200bLe souffleur \u00e0 air chaud Grand-S-electronic est utilis\u00e9 partout o\u00f9 des flux d&rsquo;air chaud sont n\u00e9cessaires pour le chauffage, la d\u00e9formation, le r\u00e9tr\u00e9cissement et l&rsquo;activation.\u200b<\/p>\n\t\t\t\t\t\t\t\t<\/div>\n\t\t\t\t<\/div>\n\t\t\t\t\t<\/div>\n\t\t<\/div>\n\t\t\t\t\t<\/div>\n\t\t<\/section>\n\t\t\t\t<section class=\"elementor-section elementor-inner-section elementor-element elementor-element-8884d1a elementor-section-height-min-height elementor-section-boxed elementor-section-height-default\" data-id=\"8884d1a\" data-element_type=\"section\">\n\t\t\t\t\t\t<div class=\"elementor-container elementor-column-gap-default\">\n\t\t\t\t\t<div class=\"elementor-column elementor-col-100 elementor-inner-column elementor-element elementor-element-286d18f\" data-id=\"286d18f\" data-element_type=\"column\" data-settings=\"{&quot;background_background&quot;:&quot;classic&quot;}\">\n\t\t\t<div class=\"elementor-widget-wrap elementor-element-populated\">\n\t\t\t\t\t\t<div class=\"elementor-element elementor-element-3f13fb3 elementor-align-justify elementor-widget elementor-widget-button\" data-id=\"3f13fb3\" data-element_type=\"widget\" data-settings=\"{&quot;_animation&quot;:&quot;none&quot;}\" data-widget_type=\"button.default\">\n\t\t\t\t<div class=\"elementor-widget-container\">\n\t\t\t\t\t\t\t\t\t<div class=\"elementor-button-wrapper\">\n\t\t\t\t\t<a class=\"elementor-button elementor-button-link elementor-size-sm\" href=\"https:\/\/www.forsthoff.com\/fr\/grand-s-electronic\/\">\n\t\t\t\t\t\t<span class=\"elementor-button-content-wrapper\">\n\t\t\t\t\t\t<span class=\"elementor-button-icon\">\n\t\t\t\t<i aria-hidden=\"true\" class=\"fas fa-arrow-right\"><\/i>\t\t\t<\/span>\n\t\t\t\t\t\t\t\t\t<span class=\"elementor-button-text\">\u200bEN SAVOIR PLUS\u200b<\/span>\n\t\t\t\t\t<\/span>\n\t\t\t\t\t<\/a>\n\t\t\t\t<\/div>\n\t\t\t\t\t\t\t\t<\/div>\n\t\t\t\t<\/div>\n\t\t\t\t\t<\/div>\n\t\t<\/div>\n\t\t\t\t\t<\/div>\n\t\t<\/section>\n\t\t\t\t\t<\/div>\n\t\t<\/div>\n\t\t\t\t<div class=\"elementor-column elementor-col-33 elementor-top-column elementor-element elementor-element-bea309e\" data-id=\"bea309e\" data-element_type=\"column\" data-settings=\"{&quot;background_background&quot;:&quot;classic&quot;}\">\n\t\t\t<div class=\"elementor-widget-wrap elementor-element-populated\">\n\t\t\t\t\t\t<section class=\"elementor-section elementor-inner-section elementor-element elementor-element-2f73480 elementor-section-height-min-height elementor-section-boxed elementor-section-height-default\" data-id=\"2f73480\" data-element_type=\"section\">\n\t\t\t\t\t\t<div class=\"elementor-container elementor-column-gap-default\">\n\t\t\t\t\t<div class=\"elementor-column elementor-col-100 elementor-inner-column elementor-element elementor-element-1570bd0\" data-id=\"1570bd0\" data-element_type=\"column\" data-settings=\"{&quot;background_background&quot;:&quot;classic&quot;}\">\n\t\t\t<div class=\"elementor-widget-wrap elementor-element-populated\">\n\t\t\t\t\t\t<div class=\"elementor-element elementor-element-fb42cf8 produkt elementor-widget elementor-widget-image\" data-id=\"fb42cf8\" data-element_type=\"widget\" data-widget_type=\"image.default\">\n\t\t\t\t<div class=\"elementor-widget-container\">\n\t\t\t\t\t\t\t\t\t\t\t\t\t\t\t\t<a href=\"https:\/\/www.forsthoff.com\/fr\/grand-l-electronic\/\">\n\t\t\t\t\t\t\t<img decoding=\"async\" width=\"800\" height=\"534\" data-src=\"https:\/\/www.forsthoff.com\/wp-content\/smush-webp\/2025\/07\/Forsthoff_Grand-L-electronic-1024x683.jpg.webp\" class=\"attachment-large size-large wp-image-17125 lazyload\" alt=\"\" data-srcset=\"https:\/\/www.forsthoff.com\/wp-content\/smush-webp\/2025\/07\/Forsthoff_Grand-L-electronic-1024x683.jpg.webp 1024w, https:\/\/www.forsthoff.com\/wp-content\/smush-webp\/2025\/07\/Forsthoff_Grand-L-electronic-300x200.jpg.webp 300w, https:\/\/www.forsthoff.com\/wp-content\/smush-webp\/2025\/07\/Forsthoff_Grand-L-electronic-768x512.jpg.webp 768w, https:\/\/www.forsthoff.com\/wp-content\/smush-webp\/2025\/07\/Forsthoff_Grand-L-electronic-1536x1024.jpg.webp 1536w, https:\/\/www.forsthoff.com\/wp-content\/smush-webp\/2025\/07\/Forsthoff_Grand-L-electronic-2048x1365.jpg.webp 2048w\" data-sizes=\"(max-width: 800px) 100vw, 800px\" src=\"data:image\/svg+xml;base64,PHN2ZyB3aWR0aD0iMSIgaGVpZ2h0PSIxIiB4bWxucz0iaHR0cDovL3d3dy53My5vcmcvMjAwMC9zdmciPjwvc3ZnPg==\" style=\"--smush-placeholder-width: 800px; --smush-placeholder-aspect-ratio: 800\/534;\" \/>\t\t\t\t\t\t\t\t<\/a>\n\t\t\t\t\t\t\t\t\t\t\t\t\t\t\t<\/div>\n\t\t\t\t<\/div>\n\t\t\t\t<div class=\"elementor-element elementor-element-8074a4d elementor-widget elementor-widget-heading\" data-id=\"8074a4d\" data-element_type=\"widget\" data-widget_type=\"heading.default\">\n\t\t\t\t<div class=\"elementor-widget-container\">\n\t\t\t\t\t<h2 class=\"elementor-heading-title elementor-size-default\">Grand-L-electronic<\/h2>\t\t\t\t<\/div>\n\t\t\t\t<\/div>\n\t\t\t\t<div class=\"elementor-element elementor-element-9f69bdc elementor-widget elementor-widget-premium-divider\" data-id=\"9f69bdc\" data-element_type=\"widget\" data-widget_type=\"premium-divider.default\">\n\t\t\t\t<div class=\"elementor-widget-container\">\n\t\t\t\t\t\r\n\t\t<div class=\"premium-bordered-top premium-separator-container premium-separator-solid\" data-settings=\"solid\">\r\n\t\t\t<div class=\"premium-separator-wrapper\">\r\n\t\t\t\t<div class=\"premium-separator-wrapper-separator\">\r\n\t\t\t\t\t<div class=\"premium-separator-wrapper-separator-divider\">\r\n\t\t\t\t\t\t<div class=\"premium-separator-inner\">\r\n\t\t\t\t\t\t\t\r\n\t\t\t\t\t\t\t\t<div class=\"premium-separator-content-wrapper\">\r\n\t\t\t\t\t\t\t\t\t\t\t\t\t\t\t\t\t\t\t<div class=\"premium-separator-divider-left premium-separator-left-side premium-svg-nodraw\">\r\n\t\t\t\t\t\t\t\t\t\t\tseparators_two_span\t\t\t\t\t\t\t\t\t\t<\/div>\r\n\t\t\t\t\t\t\t\t\t\r\n\t\t\t\t\t\t\t\t\t\r\n\t\t\t\t\t\t\t\t\t\t\t\t\t\t\t\t\t\t\t<div class=\"premium-separator-divider-right premium-separator-right-side premium-svg-nodraw\">\r\n\t\t\t\t\t\t\t\t\t\t\tseparators_two_span\t\t\t\t\t\t\t\t\t\t<\/div>\r\n\t\t\t\t\t\t\t\t\t\t\t\t\t\t\t\t\t<\/div>\r\n\r\n\t\t\t\t\t\t\t\r\n\t\t\t\t\t\t\t<\/div>\r\n\r\n\t\t\t\t\t\t<\/div>\r\n\r\n\t\t\t\t<\/div>\r\n\r\n\t\t\t\t<div class=\"premium-clearfix\"><\/div>\r\n\r\n\t\t\t<\/div>\r\n\r\n\t\t<\/div>\r\n\r\n\t\t\t\t\t\t<\/div>\n\t\t\t\t<\/div>\n\t\t\t\t<div class=\"elementor-element elementor-element-1fdec40 elementor-widget elementor-widget-text-editor\" data-id=\"1fdec40\" data-element_type=\"widget\" data-widget_type=\"text-editor.default\">\n\t\t\t\t<div class=\"elementor-widget-container\">\n\t\t\t\t\t\t\t\t\t<p>L&rsquo;appareil \u00e0 air chaud Grand-L-electronic avec jusqu&rsquo;\u00e0 3400W peut \u00eatre utilis\u00e9 pour des applications telles que le soudage, le chauffage, le r\u00e9chauffement, le formage et la r\u00e9traction.<\/p>\t\t\t\t\t\t\t\t<\/div>\n\t\t\t\t<\/div>\n\t\t\t\t\t<\/div>\n\t\t<\/div>\n\t\t\t\t\t<\/div>\n\t\t<\/section>\n\t\t\t\t<section class=\"elementor-section elementor-inner-section elementor-element elementor-element-68d6bdd elementor-section-height-min-height elementor-section-boxed elementor-section-height-default\" data-id=\"68d6bdd\" data-element_type=\"section\">\n\t\t\t\t\t\t<div class=\"elementor-container elementor-column-gap-default\">\n\t\t\t\t\t<div class=\"elementor-column elementor-col-100 elementor-inner-column elementor-element elementor-element-1b12d0d\" data-id=\"1b12d0d\" data-element_type=\"column\" data-settings=\"{&quot;background_background&quot;:&quot;classic&quot;}\">\n\t\t\t<div class=\"elementor-widget-wrap elementor-element-populated\">\n\t\t\t\t\t\t<div class=\"elementor-element elementor-element-e22c232 elementor-align-justify elementor-widget elementor-widget-button\" data-id=\"e22c232\" data-element_type=\"widget\" data-settings=\"{&quot;_animation&quot;:&quot;none&quot;}\" data-widget_type=\"button.default\">\n\t\t\t\t<div class=\"elementor-widget-container\">\n\t\t\t\t\t\t\t\t\t<div class=\"elementor-button-wrapper\">\n\t\t\t\t\t<a class=\"elementor-button elementor-button-link elementor-size-sm\" href=\"https:\/\/www.forsthoff.com\/fr\/grand-l-electronic\/\">\n\t\t\t\t\t\t<span class=\"elementor-button-content-wrapper\">\n\t\t\t\t\t\t<span class=\"elementor-button-icon\">\n\t\t\t\t<i aria-hidden=\"true\" class=\"fas fa-arrow-right\"><\/i>\t\t\t<\/span>\n\t\t\t\t\t\t\t\t\t<span class=\"elementor-button-text\">\u200bEN SAVOIR PLUS\u200b<\/span>\n\t\t\t\t\t<\/span>\n\t\t\t\t\t<\/a>\n\t\t\t\t<\/div>\n\t\t\t\t\t\t\t\t<\/div>\n\t\t\t\t<\/div>\n\t\t\t\t\t<\/div>\n\t\t<\/div>\n\t\t\t\t\t<\/div>\n\t\t<\/section>\n\t\t\t\t\t<\/div>\n\t\t<\/div>\n\t\t\t\t\t<\/div>\n\t\t<\/section>\n\t\t\t\t<\/div>\n\t\t","protected":false},"excerpt":{"rendered":"<p>Souffleur \u00e0 air chaud Page d&rsquo;accueil Produits Souffleur \u00e0 air chaud separators_two_span separators_two_span Nos souffleurs \u00e0 air chaud peuvent \u00eatre utilis\u00e9s dans les applications les plus diverses suivantes : r\u00e9tr\u00e9cissement, s\u00e9chage, chauffage, activation et soudage. Ces souffleurs \u00e0 air chaud sont parfaitement adapt\u00e9s \u00e0 l&rsquo;utilisation continu et \u00e0 l&rsquo;installation dans des machines. Oval-G separators_two_span separators_two_span [&hellip;]<\/p>\n","protected":false},"author":1,"featured_media":0,"parent":0,"menu_order":0,"comment_status":"closed","ping_status":"closed","template":"","meta":{"om_disable_all_campaigns":false,"_monsterinsights_skip_tracking":false,"_monsterinsights_sitenote_active":false,"_monsterinsights_sitenote_note":"","_monsterinsights_sitenote_category":0,"footnotes":""},"class_list":["post-10987","page","type-page","status-publish","hentry"],"aioseo_notices":[],"_links":{"self":[{"href":"https:\/\/www.forsthoff.com\/fr\/wp-json\/wp\/v2\/pages\/10987","targetHints":{"allow":["GET"]}}],"collection":[{"href":"https:\/\/www.forsthoff.com\/fr\/wp-json\/wp\/v2\/pages"}],"about":[{"href":"https:\/\/www.forsthoff.com\/fr\/wp-json\/wp\/v2\/types\/page"}],"author":[{"embeddable":true,"href":"https:\/\/www.forsthoff.com\/fr\/wp-json\/wp\/v2\/users\/1"}],"replies":[{"embeddable":true,"href":"https:\/\/www.forsthoff.com\/fr\/wp-json\/wp\/v2\/comments?post=10987"}],"version-history":[{"count":19,"href":"https:\/\/www.forsthoff.com\/fr\/wp-json\/wp\/v2\/pages\/10987\/revisions"}],"predecessor-version":[{"id":17150,"href":"https:\/\/www.forsthoff.com\/fr\/wp-json\/wp\/v2\/pages\/10987\/revisions\/17150"}],"wp:attachment":[{"href":"https:\/\/www.forsthoff.com\/fr\/wp-json\/wp\/v2\/media?parent=10987"}],"curies":[{"name":"wp","href":"https:\/\/api.w.org\/{rel}","templated":true}]}}