{"id":10979,"date":"2022-08-26T09:51:22","date_gmt":"2022-08-26T07:51:22","guid":{"rendered":"https:\/\/forsthoff.werbago.com\/cgv-reparation\/"},"modified":"2023-05-24T14:38:44","modified_gmt":"2023-05-24T12:38:44","slug":"cgv-reparation","status":"publish","type":"page","link":"https:\/\/www.forsthoff.com\/fr\/cgv-reparation\/","title":{"rendered":"Conditions g\u00e9n\u00e9rales relatives \u00e0 la remise en \u00e9tat"},"content":{"rendered":"\t\t<div data-elementor-type=\"wp-page\" data-elementor-id=\"10979\" class=\"elementor elementor-10979 elementor-5289\" data-elementor-post-type=\"page\">\n\t\t\t\t\t\t<section class=\"elementor-section elementor-top-section elementor-element elementor-element-7640ee1 elementor-section-boxed elementor-section-height-default elementor-section-height-default\" data-id=\"7640ee1\" data-element_type=\"section\" data-settings=\"{&quot;background_background&quot;:&quot;classic&quot;}\">\n\t\t\t\t\t\t\t<div class=\"elementor-background-overlay\"><\/div>\n\t\t\t\t\t\t\t<div class=\"elementor-container elementor-column-gap-default\">\n\t\t\t\t\t<div class=\"elementor-column elementor-col-100 elementor-top-column elementor-element elementor-element-f3c2a39\" data-id=\"f3c2a39\" data-element_type=\"column\">\n\t\t\t<div class=\"elementor-widget-wrap elementor-element-populated\">\n\t\t\t\t\t\t<div class=\"elementor-element elementor-element-5330b1a elementor-widget elementor-widget-heading\" data-id=\"5330b1a\" data-element_type=\"widget\" data-widget_type=\"heading.default\">\n\t\t\t\t<div class=\"elementor-widget-container\">\n\t\t\t\t\t<h5 class=\"elementor-heading-title elementor-size-default\">Conditions g\u00e9n\u00e9rales relatives \u00e0 la remise en \u00e9tat<\/h5>\t\t\t\t<\/div>\n\t\t\t\t<\/div>\n\t\t\t\t<div class=\"elementor-element elementor-element-15a80b7 elementor-icon-list--layout-inline elementor-align-center elementor-list-item-link-full_width elementor-widget elementor-widget-icon-list\" data-id=\"15a80b7\" data-element_type=\"widget\" data-widget_type=\"icon-list.default\">\n\t\t\t\t<div class=\"elementor-widget-container\">\n\t\t\t\t\t\t\t<ul class=\"elementor-icon-list-items elementor-inline-items\">\n\t\t\t\t\t\t\t<li class=\"elementor-icon-list-item elementor-inline-item\">\n\t\t\t\t\t\t\t\t\t\t\t<a href=\"https:\/\/www.forsthoff.com\/fr\/\">\n\n\t\t\t\t\t\t\t\t\t\t\t<span class=\"elementor-icon-list-text\">Page d\u2019accueil<\/span>\n\t\t\t\t\t\t\t\t\t\t\t<\/a>\n\t\t\t\t\t\t\t\t\t<\/li>\n\t\t\t\t\t\t\t\t<li class=\"elementor-icon-list-item elementor-inline-item\">\n\t\t\t\t\t\t\t\t\t\t\t<a href=\"https:\/\/www.forsthoff.com\/fr\/cgv-reparation\/\">\n\n\t\t\t\t\t\t\t\t\t\t\t<span class=\"elementor-icon-list-text\">Conditions g\u00e9n\u00e9rales relatives \u00e0 la remise en \u00e9tat\u200b<\/span>\n\t\t\t\t\t\t\t\t\t\t\t<\/a>\n\t\t\t\t\t\t\t\t\t<\/li>\n\t\t\t\t\t\t<\/ul>\n\t\t\t\t\t\t<\/div>\n\t\t\t\t<\/div>\n\t\t\t\t<div class=\"elementor-element elementor-element-318bae4 elementor-widget elementor-widget-premium-divider\" data-id=\"318bae4\" data-element_type=\"widget\" data-widget_type=\"premium-divider.default\">\n\t\t\t\t<div class=\"elementor-widget-container\">\n\t\t\t\t\t\r\n\t\t<div class=\"premium-bordered-top premium-separator-container premium-separator-solid\" data-settings=\"solid\">\r\n\t\t\t<div class=\"premium-separator-wrapper\">\r\n\t\t\t\t<div class=\"premium-separator-wrapper-separator\">\r\n\t\t\t\t\t<div class=\"premium-separator-wrapper-separator-divider\">\r\n\t\t\t\t\t\t<div class=\"premium-separator-inner\">\r\n\t\t\t\t\t\t\t\r\n\t\t\t\t\t\t\t\t<div class=\"premium-separator-content-wrapper\">\r\n\t\t\t\t\t\t\t\t\t\t\t\t\t\t\t\t\t\t\t<div class=\"premium-separator-divider-left premium-separator-left-side premium-svg-nodraw\">\r\n\t\t\t\t\t\t\t\t\t\t\tseparators_two_span\t\t\t\t\t\t\t\t\t\t<\/div>\r\n\t\t\t\t\t\t\t\t\t\r\n\t\t\t\t\t\t\t\t\t\r\n\t\t\t\t\t\t\t\t\t\t\t\t\t\t\t\t\t\t\t<div class=\"premium-separator-divider-right premium-separator-right-side premium-svg-nodraw\">\r\n\t\t\t\t\t\t\t\t\t\t\tseparators_two_span\t\t\t\t\t\t\t\t\t\t<\/div>\r\n\t\t\t\t\t\t\t\t\t\t\t\t\t\t\t\t\t<\/div>\r\n\r\n\t\t\t\t\t\t\t\r\n\t\t\t\t\t\t\t<\/div>\r\n\r\n\t\t\t\t\t\t<\/div>\r\n\r\n\t\t\t\t<\/div>\r\n\r\n\t\t\t\t<div class=\"premium-clearfix\"><\/div>\r\n\r\n\t\t\t<\/div>\r\n\r\n\t\t<\/div>\r\n\r\n\t\t\t\t\t\t<\/div>\n\t\t\t\t<\/div>\n\t\t\t\t\t<\/div>\n\t\t<\/div>\n\t\t\t\t\t<\/div>\n\t\t<\/section>\n\t\t\t\t<section class=\"elementor-section elementor-top-section elementor-element elementor-element-6f04e6e elementor-section-boxed elementor-section-height-default elementor-section-height-default\" data-id=\"6f04e6e\" data-element_type=\"section\" data-settings=\"{&quot;background_background&quot;:&quot;classic&quot;}\">\n\t\t\t\t\t\t<div class=\"elementor-container elementor-column-gap-custom\">\n\t\t\t\t\t<div class=\"elementor-column elementor-col-100 elementor-top-column elementor-element elementor-element-06a2865\" data-id=\"06a2865\" data-element_type=\"column\" data-settings=\"{&quot;background_background&quot;:&quot;classic&quot;}\">\n\t\t\t<div class=\"elementor-widget-wrap elementor-element-populated\">\n\t\t\t\t\t\t<div class=\"elementor-element elementor-element-f497273 elementor-widget elementor-widget-text-editor\" data-id=\"f497273\" data-element_type=\"widget\" data-widget_type=\"text-editor.default\">\n\t\t\t\t<div class=\"elementor-widget-container\">\n\t\t\t\t\t\t\t\t\t<p>Conditions relatives aux r\u00e9parations d&rsquo;appareils \u00e0 souder manuels, de machines \u00e0 souder automatiques et d&rsquo;outils \u00e9lectriques.<\/p>\n<p>Afin d&rsquo;\u00e9viter tout malentendu lors de demandes de r\u00e9paration d&rsquo;appareils \u00e0 souder \u00e9lectriques manuels et de machines \u00e0 souder automatiques, nous attirons votre attention sur les points suivants :<\/p>\n<p>1.) En cas de retour d&rsquo;une machine d\u00e9fectueuse, vous devez d\u00e9crire le d\u00e9faut en question le plus pr\u00e9cis\u00e9ment possible. Le cas \u00e9ch\u00e9ant, il convient de d\u00e9terminer le montant le plus \u00e9lev\u00e9 n\u00e9cessaire pour qu&rsquo;une r\u00e9paration soit effectu\u00e9e imm\u00e9diatement. En cas de demande relative \u00e0 la garantie, vous devez y joindre la preuve d&rsquo;achat. Les demandes relatives \u00e0 la garantie ult\u00e9rieures ne peuvent plus \u00eatre prises en compte. Toute modification apport\u00e9e par le client \u00e0 ses machines et tout montage de pi\u00e8ces \u00e9trang\u00e8res autres que les pi\u00e8ces d&rsquo;origine de Forsthoff GmbH entra\u00eenent la perte de tous les droits relatives \u00e0 la garantie. Les appareils et machines d\u00e9j\u00e0 d\u00e9mont\u00e9s ne sont pas accept\u00e9s pour r\u00e9paration.<\/p>\n<p>2.) Nous v\u00e9rifions l&rsquo;appareil ou la machine d\u00e9fectueux. En r\u00e8gle g\u00e9n\u00e9rale, ils sont d\u00e9mont\u00e9es \u00e0 cet effet. Les d\u00e9fauts sont communiqu\u00e9s au client dans un devis. Ce devis est payant et sans engagement. En cas de validation de la r\u00e9paration par le client, les frais de service pour le devis sont supprim\u00e9s.<br \/>Le client d\u00e9cide si l&rsquo;appareil ou la machine<\/p>\n<p>a.) doit \u00eatre remplac\u00e9,<\/p>\n<p>b.) r\u00e9par\u00e9,<\/p>\n<p>c.) \u00e9limin\u00e9<\/p>\n<p>d.) retourn\u00e9 sans \u00eatre r\u00e9par\u00e9.<\/p>\n<p>3.) Nous n&rsquo;effectuons pas de r\u00e9parations partielles pour des raisons de s\u00e9curit\u00e9.<\/p>\n<p>4.) Toute machine \u00e0 retourner dans un \u00e9tat d\u00e9fectueux est renvoy\u00e9e en pi\u00e8ces d\u00e9tach\u00e9es. Dans ce cas, les co\u00fbts du devis et du retour seront calcul\u00e9s, y compris les co\u00fbts d&#8217;emballage en cas d&#8217;emballage insuffisant lors de l&rsquo;envoi de l&rsquo;appareil. Si la machine doit \u00eatre remont\u00e9e, le client supporte les frais de montage. Pour des raisons de s\u00e9curit\u00e9, le c\u00e2ble est retir\u00e9 afin que la machine ne puisse pas \u00eatre d\u00e9marr\u00e9e par inadvertance. Cela peut \u00e9galement \u00eatre le cas pour les machines qui semblent intactes \u00e0 l&rsquo;ext\u00e9rieur si elles ne passent pas le test de s\u00e9curit\u00e9.<\/p>\n<p>5.) Si aucune r\u00e9ponse n&rsquo;est apport\u00e9e \u00e0 un devis pendant plus de 3 mois, nous partons du principe que la machine peut \u00eatre \u00e9limin\u00e9e. Au-del\u00e0 de ces trois mois, le client n&rsquo;a aucun droit sur l&rsquo;ancienne pi\u00e8ce.<\/p>\n<p>6.) Dans tous les cas, les appareils doivent \u00eatre envoy\u00e9s \u00e0 la maison Forsthoff. Les retours sont effectu\u00e9s aux risques et p\u00e9rils du client.<\/p>\n<p>7.) En remettant ou en envoyant un appareil ou une machine pour r\u00e9paration, le client accepte les conditions ci-dessus.<\/p>\n<\/p>\n<p>Date de mise \u00e0 jour : 1er septembre 2022<\/p>\n\t\t\t\t\t\t\t\t<\/div>\n\t\t\t\t<\/div>\n\t\t\t\t\t<\/div>\n\t\t<\/div>\n\t\t\t\t\t<\/div>\n\t\t<\/section>\n\t\t\t\t<\/div>\n\t\t","protected":false},"excerpt":{"rendered":"<p>Conditions g\u00e9n\u00e9rales relatives \u00e0 la remise en \u00e9tat Page d\u2019accueil Conditions g\u00e9n\u00e9rales relatives \u00e0 la remise en \u00e9tat\u200b Conditions relatives aux r\u00e9parations d&rsquo;appareils \u00e0 souder manuels, de machines \u00e0 souder automatiques et d&rsquo;outils \u00e9lectriques. Afin d&rsquo;\u00e9viter tout malentendu lors de demandes de r\u00e9paration d&rsquo;appareils \u00e0 souder \u00e9lectriques manuels et de machines \u00e0 souder automatiques, nous [&hellip;]<\/p>\n","protected":false},"author":1,"featured_media":0,"parent":0,"menu_order":0,"comment_status":"closed","ping_status":"closed","template":"","meta":{"om_disable_all_campaigns":false,"_monsterinsights_skip_tracking":false,"_monsterinsights_sitenote_active":false,"_monsterinsights_sitenote_note":"","_monsterinsights_sitenote_category":0,"footnotes":""},"class_list":["post-10979","page","type-page","status-publish","hentry"],"aioseo_notices":[],"_links":{"self":[{"href":"https:\/\/www.forsthoff.com\/fr\/wp-json\/wp\/v2\/pages\/10979","targetHints":{"allow":["GET"]}}],"collection":[{"href":"https:\/\/www.forsthoff.com\/fr\/wp-json\/wp\/v2\/pages"}],"about":[{"href":"https:\/\/www.forsthoff.com\/fr\/wp-json\/wp\/v2\/types\/page"}],"author":[{"embeddable":true,"href":"https:\/\/www.forsthoff.com\/fr\/wp-json\/wp\/v2\/users\/1"}],"replies":[{"embeddable":true,"href":"https:\/\/www.forsthoff.com\/fr\/wp-json\/wp\/v2\/comments?post=10979"}],"version-history":[{"count":13,"href":"https:\/\/www.forsthoff.com\/fr\/wp-json\/wp\/v2\/pages\/10979\/revisions"}],"predecessor-version":[{"id":16098,"href":"https:\/\/www.forsthoff.com\/fr\/wp-json\/wp\/v2\/pages\/10979\/revisions\/16098"}],"wp:attachment":[{"href":"https:\/\/www.forsthoff.com\/fr\/wp-json\/wp\/v2\/media?parent=10979"}],"curies":[{"name":"wp","href":"https:\/\/api.w.org\/{rel}","templated":true}]}}