{"id":11086,"date":"2022-02-24T10:03:45","date_gmt":"2022-02-24T09:03:45","guid":{"rendered":"https:\/\/forsthoff.werbago.com\/proteccion-de-datos\/"},"modified":"2023-05-24T14:40:47","modified_gmt":"2023-05-24T12:40:47","slug":"proteccion-de-datos","status":"publish","type":"page","link":"https:\/\/www.forsthoff.com\/es\/proteccion-de-datos\/","title":{"rendered":"Protecci\u00f3n de datos"},"content":{"rendered":"\t\t<div data-elementor-type=\"wp-page\" data-elementor-id=\"11086\" class=\"elementor elementor-11086 elementor-3\" data-elementor-post-type=\"page\">\n\t\t\t\t\t\t<section class=\"elementor-section elementor-top-section elementor-element elementor-element-ec74474 elementor-section-boxed elementor-section-height-default elementor-section-height-default\" data-id=\"ec74474\" data-element_type=\"section\" data-settings=\"{&quot;background_background&quot;:&quot;classic&quot;}\">\n\t\t\t\t\t\t\t<div class=\"elementor-background-overlay\"><\/div>\n\t\t\t\t\t\t\t<div class=\"elementor-container elementor-column-gap-default\">\n\t\t\t\t\t<div class=\"elementor-column elementor-col-100 elementor-top-column elementor-element elementor-element-065911c\" data-id=\"065911c\" data-element_type=\"column\">\n\t\t\t<div class=\"elementor-widget-wrap elementor-element-populated\">\n\t\t\t\t\t\t<div class=\"elementor-element elementor-element-6ba0370 elementor-widget elementor-widget-heading\" data-id=\"6ba0370\" data-element_type=\"widget\" data-widget_type=\"heading.default\">\n\t\t\t\t<div class=\"elementor-widget-container\">\n\t\t\t\t\t<h5 class=\"elementor-heading-title elementor-size-default\">Protecci\u00f3n de datos<\/h5>\t\t\t\t<\/div>\n\t\t\t\t<\/div>\n\t\t\t\t<div class=\"elementor-element elementor-element-39bfe2a elementor-hidden-widescreen elementor-hidden-desktop elementor-hidden-laptop elementor-hidden-tablet_extra elementor-hidden-tablet elementor-hidden-mobile elementor-widget elementor-widget-text-editor\" data-id=\"39bfe2a\" data-element_type=\"widget\" data-widget_type=\"text-editor.default\">\n\t\t\t\t<div class=\"elementor-widget-container\">\n\t\t\t\t\t\t\t\t\t<p>Inicio \/ Protecci\u00f3n de datos<\/p>\n\t\t\t\t\t\t\t\t<\/div>\n\t\t\t\t<\/div>\n\t\t\t\t<div class=\"elementor-element elementor-element-308d9d5 elementor-icon-list--layout-inline elementor-align-center elementor-list-item-link-full_width elementor-widget elementor-widget-icon-list\" data-id=\"308d9d5\" data-element_type=\"widget\" data-widget_type=\"icon-list.default\">\n\t\t\t\t<div class=\"elementor-widget-container\">\n\t\t\t\t\t\t\t<ul class=\"elementor-icon-list-items elementor-inline-items\">\n\t\t\t\t\t\t\t<li class=\"elementor-icon-list-item elementor-inline-item\">\n\t\t\t\t\t\t\t\t\t\t\t<a href=\"https:\/\/www.forsthoff.com\/es\/\">\n\n\t\t\t\t\t\t\t\t\t\t\t<span class=\"elementor-icon-list-text\">P\u00e1gina de inicio<\/span>\n\t\t\t\t\t\t\t\t\t\t\t<\/a>\n\t\t\t\t\t\t\t\t\t<\/li>\n\t\t\t\t\t\t\t\t<li class=\"elementor-icon-list-item elementor-inline-item\">\n\t\t\t\t\t\t\t\t\t\t\t<a href=\"https:\/\/www.forsthoff.com\/es\/proteccion-de-datos\/\">\n\n\t\t\t\t\t\t\t\t\t\t\t<span class=\"elementor-icon-list-text\">Protecci\u00f3n de datos<\/span>\n\t\t\t\t\t\t\t\t\t\t\t<\/a>\n\t\t\t\t\t\t\t\t\t<\/li>\n\t\t\t\t\t\t<\/ul>\n\t\t\t\t\t\t<\/div>\n\t\t\t\t<\/div>\n\t\t\t\t<div class=\"elementor-element elementor-element-61770c6 elementor-widget elementor-widget-premium-divider\" data-id=\"61770c6\" data-element_type=\"widget\" data-widget_type=\"premium-divider.default\">\n\t\t\t\t<div class=\"elementor-widget-container\">\n\t\t\t\t\t\r\n\t\t<div class=\"premium-bordered-top premium-separator-container premium-separator-solid\" data-settings=\"solid\">\r\n\t\t\t<div class=\"premium-separator-wrapper\">\r\n\t\t\t\t<div class=\"premium-separator-wrapper-separator\">\r\n\t\t\t\t\t<div class=\"premium-separator-wrapper-separator-divider\">\r\n\t\t\t\t\t\t<div class=\"premium-separator-inner\">\r\n\t\t\t\t\t\t\t\r\n\t\t\t\t\t\t\t\t<div class=\"premium-separator-content-wrapper\">\r\n\t\t\t\t\t\t\t\t\t\t\t\t\t\t\t\t\t\t\t<div class=\"premium-separator-divider-left premium-separator-left-side premium-svg-nodraw\">\r\n\t\t\t\t\t\t\t\t\t\t\tseparators_two_span\t\t\t\t\t\t\t\t\t\t<\/div>\r\n\t\t\t\t\t\t\t\t\t\r\n\t\t\t\t\t\t\t\t\t\r\n\t\t\t\t\t\t\t\t\t\t\t\t\t\t\t\t\t\t\t<div class=\"premium-separator-divider-right premium-separator-right-side premium-svg-nodraw\">\r\n\t\t\t\t\t\t\t\t\t\t\tseparators_two_span\t\t\t\t\t\t\t\t\t\t<\/div>\r\n\t\t\t\t\t\t\t\t\t\t\t\t\t\t\t\t\t<\/div>\r\n\r\n\t\t\t\t\t\t\t\r\n\t\t\t\t\t\t\t<\/div>\r\n\r\n\t\t\t\t\t\t<\/div>\r\n\r\n\t\t\t\t<\/div>\r\n\r\n\t\t\t\t<div class=\"premium-clearfix\"><\/div>\r\n\r\n\t\t\t<\/div>\r\n\r\n\t\t<\/div>\r\n\r\n\t\t\t\t\t\t<\/div>\n\t\t\t\t<\/div>\n\t\t\t\t\t<\/div>\n\t\t<\/div>\n\t\t\t\t\t<\/div>\n\t\t<\/section>\n\t\t\t\t<section class=\"elementor-section elementor-top-section elementor-element elementor-element-12c871e elementor-section-boxed elementor-section-height-default elementor-section-height-default\" data-id=\"12c871e\" data-element_type=\"section\" data-settings=\"{&quot;background_background&quot;:&quot;classic&quot;}\">\n\t\t\t\t\t\t<div class=\"elementor-container elementor-column-gap-custom\">\n\t\t\t\t\t<div class=\"elementor-column elementor-col-100 elementor-top-column elementor-element elementor-element-e88ab5d\" data-id=\"e88ab5d\" data-element_type=\"column\" data-settings=\"{&quot;background_background&quot;:&quot;classic&quot;}\">\n\t\t\t<div class=\"elementor-widget-wrap elementor-element-populated\">\n\t\t\t\t\t\t<div class=\"elementor-element elementor-element-18f741c elementor-widget elementor-widget-text-editor\" data-id=\"18f741c\" data-element_type=\"widget\" data-widget_type=\"text-editor.default\">\n\t\t\t\t<div class=\"elementor-widget-container\">\n\t\t\t\t\t\t\t\t\t<p>A continuaci\u00f3n, nos gustar\u00eda explicarle qu\u00e9 datos recopilamos, procesamos y utilizamos, cu\u00e1ndo y para qu\u00e9 fines. El objetivo es explicarle c\u00f3mo funcionan nuestros servicios y c\u00f3mo se garantiza la protecci\u00f3n de sus datos personales.<\/p>\n<p>Solo recopilamos, procesamos y utilizamos \u200b<b>datos personales<\/b>\u200b en la medida en que usted haya dado su consentimiento o una ley lo permita.<\/p>\n<p><b>1. Organismo responsable<\/b><\/p>\n<p>El organismo responsable en el sentido de las leyes de protecci\u00f3n de datos es:<\/p>\n<p><b>FORSTHOFF GMBH<\/b><\/p>\n<p>Freiheitstr. 24-26<br>42719 Solingen<\/p>\n<p>Si tiene preguntas o sugerencias generales sobre el tema de la protecci\u00f3n de datos, puede ponerse en contacto con nosotros en cualquier momento por correo electr\u00f3nico a trav\u00e9s de \u200b\u200b<a style=\"color: #dddbdb;\" href=\"#\">datenschutz-fh(at)forsthoffwelding.com\u200b<\/a>.<\/p>\n<p><b>2. Recopilaci\u00f3n y almacenamiento de datos, en particular datos personales, as\u00ed como el tipo y la finalidad del uso<\/b><\/p>\n<p>Puede visitar nuestro sitio sin dar ning\u00fan dato\u00b0personal.<\/p>\n<p><i>a) Al visitar el sitio web<\/i><\/p>\n<p>Cuando visita nuestro sitio web \u200b<a style=\"color: #dddbdb;\" href=\"http:\/\/www.forsthoffwelding.com\/\" target=\"_blank\" rel=\"noopener\">\u200bhttps:\/\/www.forsthoff.com\u200b<\/a> , el navegador utilizado en su dispositivo env\u00eda autom\u00e1ticamente informaci\u00f3n al servidor de nuestro sitio web. Esta informaci\u00f3n se almacena temporalmente en el llamado archivo de registro. La siguiente informaci\u00f3n se recopilar\u00e1 sin su intervenci\u00f3n y se almacenar\u00e1 hasta su eliminaci\u00f3n autom\u00e1tica:<\/p>\n<ul>\n<li>direcci\u00f3n IP del ordenador solicitante<\/li>\n<li>fecha y hora de acceso;<\/li>\n<li>nombre y URL del archivo recuperado;<\/li>\n<li>Sitio web desde el que se accede (URL de N\u00ba de art.),<\/li>\n<li>navegador usado y, si corresponde, el sistema operativo de su ordenador, as\u00ed como el nombre de su proveedor de acceso.<\/li>\n<\/ul>\n<p>Procesamos los datos mencionados con los siguientes prop\u00f3sitos:<\/p>\n<ul>\n<li>Asegurar una conexi\u00f3n fluida del sitio web,<\/li>\n<li>Garantizar la usabilidad de nuestro sitio web,<\/li>\n<li>Evaluaci\u00f3n de la seguridad y estabilidad del sistema y<\/li>\n<li>para otros fines administrativos.<\/li>\n<\/ul>\n<p>El fundamento jur\u00eddico para el tratamiento de datos es el art. 6, apdo. 1, frase 1, letra f del RGPD. Nuestro inter\u00e9s leg\u00edtimo se desprende de los prop\u00f3sitos de recopilaci\u00f3n de los datos enumerados anteriormente. En ning\u00fan caso utilizamos los datos recopilados con el fin de sacar conclusiones sobre usted. Adem\u00e1s, utilizamos cookies y servicios de an\u00e1lisis cuando visita nuestro sitio web. Puede encontrar m\u00e1s detalles en el N.\u00ba 4 y 5 de esta pol\u00edtica de privacidad.<\/p>\n<p><i>b) Al usar nuestro formulario de contacto&nbsp;<\/i><\/p>\n<p>Si tiene preguntas de cualquier tipo, le ofrecemos la oportunidad de ponerse en contacto con nosotros mediante un formulario proporcionado en el sitio web. Es necesario proporcionar una direcci\u00f3n v\u00e1lida de correo electr\u00f3nico para saber de qui\u00e9n proviene la solicitud y para responderla. Se puede proporcionar m\u00e1s informaci\u00f3n voluntariamente. El procesamiento de datos con el prop\u00f3sito de contactar con nosotros se realiza al amparo del Art. 6 apartado 1, frase 1, letra a de la DSGVO y se basa en su consentimiento otorgado voluntariamente. Los datos personales recopilados para el uso del formulario de contacto se eliminar\u00e1n autom\u00e1ticamente una vez que usted complete la solicitud.<\/p>\n<p><b>3. Distribuci\u00f3n de datos<\/b><\/p>\n<p>No revelaremos datos personales sin su consentimiento expreso, a menos que exista un motivo legal para ello, por ejemplo, si estamos legalmente obligados a revelar datos (informaci\u00f3n a las fuerzas del orden y a los tribunales; informaci\u00f3n a organismos p\u00fablicos que reciben datos sobre la base de normas legales, por ejemplo, instituciones de la seguridad social, autoridades fiscales, etc.) o si implicamos a terceros obligados al secreto profesional para hacer valer nuestras reclamaciones.<\/p>\n<p><b>4. Cookies<\/b><\/p>\n<p>Usamos cookies en nuestro sitio web. Son peque\u00f1os archivos que su navegador crea autom\u00e1ticamente y que se almacenan en su dispositivo (ordenador port\u00e1til, tableta, tel\u00e9fono inteligente, etc.) cuando visita nuestro sitio web. Las cookies no da\u00f1an su dispositivo, no contienen virus, troyanos ni ning\u00fan otro software malicioso. En la informaci\u00f3n de la cookie se almacena informaci\u00f3n relacionada con cada terminal espec\u00edfico utilizado. Sin embargo, esto no significa que estemos al tanto de su identidad inmediatamente. Por un lado, el uso de cookies sirve para hacer que el uso de nuestra propuesta sea m\u00e1s agradable para usted. Por ejemplo, usamos las llamadas cookies de sesi\u00f3n para reconocer que ya ha visitado p\u00e1ginas individuales en nuestro sitio web. Estas se eliminan autom\u00e1ticamente despu\u00e9s de salir de nuestra p\u00e1gina. Adem\u00e1s, para mejorar la usabilidad, tambi\u00e9n usamos cookies temporales que se almacenan en su dispositivo por un per\u00edodo de tiempo espec\u00edfico. Si vuelve a visitar nuestro sitio para usar nuestros servicios, se reconocer\u00e1 autom\u00e1ticamente que ya ha estado en nuestro sitio web y qu\u00e9 entradas y configuraciones ha realizado, para que no tenga que volver a ingresarlas. Por otro lado, utilizamos cookies para registrar estad\u00edsticamente el uso de nuestro sitio web y para evaluarlo con el fin de optimizar nuestra oferta (v\u00e9ase el punto 5.) Estas cookies nos permiten reconocer autom\u00e1ticamente que ya visit\u00f3 nuestra p\u00e1gina cuando visita nuestro sitio nuevamente. Estas cookies se eliminan autom\u00e1ticamente despu\u00e9s de un tiempo definido. Los datos procesados por las cookies se utilizan con los fines mencionados para la protecci\u00f3n de nuestros intereses leg\u00edtimos, as\u00ed como del tercero de acuerdo con el Art. 6 apartado 1, frase 1, letra f del Reglamento General de Protecci\u00f3n de Datos (DSGVO). La mayor\u00eda de los navegadores aceptan cookies autom\u00e1ticamente. Sin embargo, puede configurar su navegador para que no se almacenen cookies en su ordenador o para que siempre aparezca un aviso antes de que se cree una nueva cookie. Sin embargo, deshabilitar las cookies por completo puede significar que no pueda usar todas las caracter\u00edsticas de nuestro sitio web.<\/p>\n<p><b>5. Herramientas de an\u00e1lisis\/ herramientas de seguimiento<\/b><\/p>\n<p>Las medidas de seguimiento enumeradas a continuaci\u00f3n y utilizadas por nosotros se basan en el Art. 6, apart. 1, frase 1, letra f del RGPD. Con las medidas de seguimiento que se utilizan, queremos garantizar un dise\u00f1o adaptado a las necesidades y la optimizaci\u00f3n continua de nuestro sitio web. Por otro lado, utilizamos las medidas de seguimiento para registrar estad\u00edsticamente el uso de nuestro sitio web y evaluarlo con el fin de optimizar nuestra propuesta para usted. Estos intereses deben considerarse leg\u00edtimos en el sentido de la disposici\u00f3n anterior.<\/p>\n<p>Los respectivos fines de procesamiento de datos y las categor\u00edas de datos se pueden encontrar en las herramientas de seguimiento correspondientes.<\/p>\n<p><i>a) Google Analytics<\/i><\/p>\n<p>Utilizamos Google Analytics, un servicio de an\u00e1lisis web de Google Inc. (https:\/\/www.google.de\/intl\/de\/about\/) (1600 Amphitheatre Parkway, Mountain View, CA 94043, USA; im Folgenden \u201eGoogle\u201c). En este contexto, se crean perfiles de uso seudonimizados y se almacenan cookies (v\u00e9ase el punto 4) utilizado. La informaci\u00f3n generada por la cookie acerca de su uso de este sitio web,<\/p>\n<p>como<\/p>\n<ul>\n<li>tipo\/versi\u00f3n del navegador;<\/li>\n<li>sistema operativo utilizado,<\/li>\n<li>URL de N\u00ba de art. (la p\u00e1gina visitada anteriormente),<\/li>\n<li>nombre de host del ordenador de acceso (direcci\u00f3n IP),<\/li>\n<li>hora de solicitud del servidor,<\/li>\n<\/ul>\n<p>se transmite y almacena por Google en servidores en Estados Unidos. La informaci\u00f3n se utiliza para evaluar el uso del sitio web, para compilar informes sobre las actividades del sitio web y para proporcionar otros servicios relacionados con el uso del sitio web y de internet con fines de investigaci\u00f3n de mercado y dise\u00f1o orientado a la demanda de estas p\u00e1ginas de internet. Adem\u00e1s, esta informaci\u00f3n puede ser transferida a terceros si as\u00ed lo requiere la ley o si terceros procesan estos datos en nombre de la empresa. En ning\u00fan caso su direcci\u00f3n IP se fusionar\u00e1 con otros datos de Google. Las direcciones IP son anonimizadas de forma que no se pueda asignar a una persona determinada (enmascaramiento IP). Puede evitar el almacenamiento de cookies si selecciona la configuraci\u00f3n correspondiente en su navegador; no obstante, le advertimos de que en este caso probablemente no pueda utilizar en su totalidad las funciones de esta p\u00e1gina web. Adem\u00e1s, puede evitar la recopilaci\u00f3n de los datos generados por la cookie y relacionados con su uso del sitio web (incluida su direcci\u00f3n IP), as\u00ed como el procesamiento de estos datos por parte de Google, descargando e instalando el plugin o complemento del navegador disponible en el siguiente enlace (https:\/\/ tools.google.com\/dlpage\/gaoptout?hl=de). Como alternativa al complemento del navegador, especialmente para navegadores en dispositivos m\u00f3viles, tambi\u00e9n puede evitar el registro por parte de Google Analytics haciendo clic en este enlace. Se establece una cookie de exclusi\u00f3n (Opt-Out) que bloquea en el futuro la entrega de su informaci\u00f3n al visitar el sitio: La cookie de exclusi\u00f3n solo se aplica a este navegador y solo a nuestro sitio web y se almacena en su dispositivo. Si elimina las cookies en este navegador, deber\u00e1 volver a configurar la cookie de exclusi\u00f3n.<\/p>\n<p>Para obtener m\u00e1s informaci\u00f3n sobre la protecci\u00f3n de datos en relaci\u00f3n con Google Analytics, consulte la Ayuda de Google Analytics (\u200b<a style=\"color: #dddbdb;\" href=\"https:\/\/support.google.com\/analytics\/answer\/6004245?hl=de\" target=\"_blank\" rel=\"noopener\">https:\/\/support.google.com\/analytics\/answer\/6004245?hl=es\u200b<\/a>).<\/p>\n<p><i>b) Seguimiento de conversiones de Google Adwords<\/i><\/p>\n<p>Para registrar estad\u00edsticamente el uso de nuestro sitio web y evaluarlo con el fin de optimizar nuestro sitio web para usted, tambi\u00e9n utilizamos el Google Conversion Tracking. Google Adwords instalar\u00e1 una cookie (v\u00e9ase el punto 4) en su ordenador si ha accedido a nuestro sitio web a trav\u00e9s de un anuncio de Google. Estas cookies caducan en 30 d\u00edas y no se utilizan para identificarle personalmente. Si el usuario visita ciertas p\u00e1ginas del sitio web del cliente de Adwords y la cookie a\u00fan no ha caducado, Google y el cliente pueden reconocer que el usuario ha hecho clic en el anuncio y ha sido redirigido a esta p\u00e1gina.<\/p>\n<p>Cada uno de los clientes de Google AdWords recibe una cookie diferente. Las cookies no pueden, por lo tanto, ser rastreadas a trav\u00e9s de los sitios web de los clientes de AdWords. La informaci\u00f3n recopilada a trav\u00e9s de las cookies de conversionesaucasinosonline.com\/nz\/ sirve para crear estad\u00edsticas de conversiones destinadas a los clientes de AdWords que han optado por el uso de seguimiento de conversiones. Los clientes obtienen el n\u00famero total de usuarios que han hecho clic en su anuncio y si han llegado a su p\u00e1gina a trav\u00e9s de una etiqueta de seguimiento de conversiones. Sin embargo, no reciben informaci\u00f3n que permita identificar personalmente al usuario. Si no desea participar en el proceso de seguimiento, tambi\u00e9n puede rechazar la configuraci\u00f3n de una cookie necesaria para ello, por ejemplo, mediante la configuraci\u00f3n del navegador, que generalmente desactiva la configuraci\u00f3n autom\u00e1tica de cookies. Tambi\u00e9n puede desactivar las cookies de seguimiento de conversiones configurando su navegador para bloquear las cookies del dominio \u201ewww.googleadservices.com\u201c.<\/p>\n<p>La pol\u00edtica de privacidad de Google sobre el seguimiento de conversiones se puede encontrar aqu\u00ed (\u200b<a style=\"color: #dddbdb;\" href=\"https:\/\/services.google.com\/sitestats\/de.html\" target=\"_blank\" rel=\"noopener\">https:\/\/services.google.com\/sitestats\/es.html<\/a>\u200b).<\/p>\n<p><b>6. Redes sociales<\/b><\/p>\n<p>No utilizamos plugins de las redes sociales Facebook, Twitter y YouTube en nuestro sitio web. Puede acceder a los contenidos relacionados con nuestra empresa de estos terceros a trav\u00e9s de iconos de enlace separados en la parte inferior del sitio web.<\/p>\n<p><i>a) Facebook<\/i><\/p>\n<p>La finalidad y el alcance de la recopilaci\u00f3n de datos y el posterior procesamiento y uso de los datos por parte de Facebook, as\u00ed como sus derechos y opciones de configuraci\u00f3n para proteger su privacidad, se pueden encontrar en la pol\u00edtica de privacidad de Facebook (\u200b<a style=\"color: #dddbdb;\" href=\"https:\/\/www.facebook.com\/about\/privacy\/\" target=\"_blank\" rel=\"noopener\">https:\/\/www.facebook.com\/about\/privacy\/\u200b<\/a>).<\/p>\n<p><i>b) Twitter<\/i><\/p>\n<p>Encontrar\u00e1 informaci\u00f3n sobre la recopilaci\u00f3n de datos y el posterior procesamiento y uso de los datos por parte de Twitter en la declaraci\u00f3n de protecci\u00f3n de datos de Twitter (\u200b\u200b<a style=\"color: #dddbdb;\" href=\"https:\/\/twitter.com\/privacy\" target=\"_blank\" rel=\"noopener\">https:\/\/twitter.com\/privacy\u200b<\/a>).<\/p>\n<p><i>c) YouTube<\/i><\/p>\n<p>Encontrar\u00e1 informaci\u00f3n sobre la recopilaci\u00f3n de datos y el posterior procesamiento y uso de los datos por parte de YouTube en la declaraci\u00f3n de protecci\u00f3n de datos de YouTube en \u200b<a style=\"color: #dddbdb;\" href=\"http:\/\/www.google.de\/intl\/de\/policies\/privacy\/\" target=\"_blank\" rel=\"noopener\">www.google.de\/intl\/de\/policies\/privacy\/\u200b\u200b<\/a>.<\/p>\n<p><b>7. Derechos del interesado<\/b><\/p>\n<p>Tienes derecho a:<\/p>\n<ul>\n<li>De acuerdo con el art\u00edculo 16 del Reglamento General de Protecci\u00f3n de Datos (DSGVO) , puede solicitar de inmediato la correcci\u00f3n de los datos personales incorrectos o incompletos que almacenamos.<\/li>\n<li>De conformidad con el Art. 17 de la DSGVO, exigir la eliminaci\u00f3n de sus datos personales almacenados por nosotros, excepto cuando el procesamiento sea para el ejercicio del derecho a la libertad de expresi\u00f3n e informaci\u00f3n, para el cumplimiento de una obligaci\u00f3n legal, por razones de inter\u00e9s p\u00fablico o para la afirmaci\u00f3n, ejercicio o defensa es requerido<\/li>\n<li>De conformidad con el art\u00edculo 18 de la DSGVO, debe reclamar el procesamiento de sus datos personales siempre que usted cuestione la exactitud de los mismos, el procesamiento sea ilegal, haya denegado su eliminaci\u00f3n y ya no los necesitamos, pero usted s\u00ed los necesita para la alegaci\u00f3n, el desempe\u00f1o o la defensa de reclamos legales o ha objetado el procesamiento bajo el art\u00edculo 21 del Reglamento General de Protecci\u00f3n de Datos<\/li>\n<li>de conformidad con el Art. 20 de la DSGVO para obtener sus datos personales proporcionados en un formato estructurado, com\u00fan y legible por m\u00e1quina o para solicitar la transferencia a otra persona responsable;<\/li>\n<li>de conformidad con el Art. 7, apartado 3 de la DSGVO, puede revocar el consentimiento que nos dio en cualquier momento. Como resultado, ya no se nos permitir\u00e1 continuar el procesamiento de datos basado en dicho consentimiento para el futuro y<\/li>\n<li>de acuerdo con el Art. 77 de la DSGVO puede presentar recurso ante una autoridad supervisora. Como regla general, puede ponerse en contacto con la autoridad supervisora de su lugar de residencia o trabajo habitual o en la sede de nuestra empresa.<\/li>\n<\/ul>\n<p><b>8. Derecho de objeci\u00f3n<\/b><\/p>\n<p>Si sus datos personales se procesan con base en intereses leg\u00edtimos de conformidad con el Art. 6, apartado 1, frase 1, letra f de la DSGVO, usted tiene el derecho de presentar una objeci\u00f3n contra el procesamiento de sus datos personales de acuerdo con el Art. 21 de la DSGVO, siempre que haya razones para que esto surja de su situaci\u00f3n particular o la objeci\u00f3n se dirija contra correo directo. En este \u00faltimo caso, usted tiene un derecho general de oposici\u00f3n, que aplicamos sin especificar ninguna situaci\u00f3n particular. Si desea ejercer su derecho de revocaci\u00f3n u oposici\u00f3n, env\u00ede un correo electr\u00f3nico a \u200b<a style=\"color: #dddbdb;\" title=\"Opens window for sending email\" href=\"#\">datenschutz-fh(at)forsthoffwelding.com\u200b<\/a><\/p>\n<p><b>9. Seguridad de los datos<\/b><\/p>\n<p>Utilizamos medidas de seguridad t\u00e9cnicas y organizativas apropiadas para proteger sus datos contra manipulaciones accidentales o intencionadas, p\u00e9rdidas parciales o totales, destrucci\u00f3n o contra el acceso no autorizado por parte de terceros. Nuestras medidas de seguridad mejoran continuamente gracias a la evoluci\u00f3n tecnol\u00f3gica. El sitio web est\u00e1 protegido por el est\u00e1ndar HTTPS reconocido. Los datos del formulario se transmiten protegidos sobre esta base<\/p>\n<p><b>10. Actualizaci\u00f3n y cambio de esta pol\u00edtica de privacidad<\/b><\/p>\n<p>Esta pol\u00edtica de privacidad est\u00e1 actualmente en vigor y es v\u00e1lida a partir de mayo de 2018. Como resultado del desarrollo posterior de nuestro sitio web y sus ofertas, o debido a cambios en los requisitos legales o reglamentarios, puede ser necesario cambiar esta pol\u00edtica de privacidad con efecto para el futuro.<\/p>\t\t\t\t\t\t\t\t<\/div>\n\t\t\t\t<\/div>\n\t\t\t\t\t<\/div>\n\t\t<\/div>\n\t\t\t\t\t<\/div>\n\t\t<\/section>\n\t\t\t\t<\/div>\n\t\t","protected":false},"excerpt":{"rendered":"<p>Protecci\u00f3n de datos Inicio \/ Protecci\u00f3n de datos P\u00e1gina de inicio Protecci\u00f3n de datos A continuaci\u00f3n, nos gustar\u00eda explicarle qu\u00e9 datos recopilamos, procesamos y utilizamos, cu\u00e1ndo y para qu\u00e9 fines. El objetivo es explicarle c\u00f3mo funcionan nuestros servicios y c\u00f3mo se garantiza la protecci\u00f3n de sus datos personales. Solo recopilamos, procesamos y utilizamos \u200bdatos personales\u200b [&hellip;]<\/p>\n","protected":false},"author":1,"featured_media":0,"parent":0,"menu_order":0,"comment_status":"closed","ping_status":"closed","template":"","meta":{"om_disable_all_campaigns":false,"_monsterinsights_skip_tracking":false,"_monsterinsights_sitenote_active":false,"_monsterinsights_sitenote_note":"","_monsterinsights_sitenote_category":0,"footnotes":""},"class_list":["post-11086","page","type-page","status-publish","hentry"],"aioseo_notices":[],"_links":{"self":[{"href":"https:\/\/www.forsthoff.com\/es\/wp-json\/wp\/v2\/pages\/11086","targetHints":{"allow":["GET"]}}],"collection":[{"href":"https:\/\/www.forsthoff.com\/es\/wp-json\/wp\/v2\/pages"}],"about":[{"href":"https:\/\/www.forsthoff.com\/es\/wp-json\/wp\/v2\/types\/page"}],"author":[{"embeddable":true,"href":"https:\/\/www.forsthoff.com\/es\/wp-json\/wp\/v2\/users\/1"}],"replies":[{"embeddable":true,"href":"https:\/\/www.forsthoff.com\/es\/wp-json\/wp\/v2\/comments?post=11086"}],"version-history":[{"count":17,"href":"https:\/\/www.forsthoff.com\/es\/wp-json\/wp\/v2\/pages\/11086\/revisions"}],"predecessor-version":[{"id":16107,"href":"https:\/\/www.forsthoff.com\/es\/wp-json\/wp\/v2\/pages\/11086\/revisions\/16107"}],"wp:attachment":[{"href":"https:\/\/www.forsthoff.com\/es\/wp-json\/wp\/v2\/media?parent=11086"}],"curies":[{"name":"wp","href":"https:\/\/api.w.org\/{rel}","templated":true}]}}