{"id":11067,"date":"2022-08-26T09:51:22","date_gmt":"2022-08-26T07:51:22","guid":{"rendered":"https:\/\/forsthoff.werbago.com\/cgc-de-reparacion\/"},"modified":"2023-07-14T10:23:06","modified_gmt":"2023-07-14T08:23:06","slug":"terminos-y-condiciones-generales-de-reparacion","status":"publish","type":"page","link":"https:\/\/www.forsthoff.com\/es\/terminos-y-condiciones-generales-de-reparacion\/","title":{"rendered":"T\u00e9rminos y condiciones generales de reparaci\u00f3n"},"content":{"rendered":"\t\t<div data-elementor-type=\"wp-page\" data-elementor-id=\"11067\" class=\"elementor elementor-11067 elementor-5289\" data-elementor-post-type=\"page\">\n\t\t\t\t\t\t<section class=\"elementor-section elementor-top-section elementor-element elementor-element-7640ee1 elementor-section-boxed elementor-section-height-default elementor-section-height-default\" data-id=\"7640ee1\" data-element_type=\"section\" data-settings=\"{&quot;background_background&quot;:&quot;classic&quot;}\">\n\t\t\t\t\t\t\t<div class=\"elementor-background-overlay\"><\/div>\n\t\t\t\t\t\t\t<div class=\"elementor-container elementor-column-gap-default\">\n\t\t\t\t\t<div class=\"elementor-column elementor-col-100 elementor-top-column elementor-element elementor-element-f3c2a39\" data-id=\"f3c2a39\" data-element_type=\"column\">\n\t\t\t<div class=\"elementor-widget-wrap elementor-element-populated\">\n\t\t\t\t\t\t<div class=\"elementor-element elementor-element-5330b1a elementor-widget elementor-widget-heading\" data-id=\"5330b1a\" data-element_type=\"widget\" data-widget_type=\"heading.default\">\n\t\t\t\t<div class=\"elementor-widget-container\">\n\t\t\t\t\t<h5 class=\"elementor-heading-title elementor-size-default\">T\u00e9rminos y condiciones generales de reparaci\u00f3n<\/h5>\t\t\t\t<\/div>\n\t\t\t\t<\/div>\n\t\t\t\t<div class=\"elementor-element elementor-element-8efef16 elementor-icon-list--layout-inline elementor-align-center elementor-list-item-link-full_width elementor-widget elementor-widget-icon-list\" data-id=\"8efef16\" data-element_type=\"widget\" data-widget_type=\"icon-list.default\">\n\t\t\t\t<div class=\"elementor-widget-container\">\n\t\t\t\t\t\t\t<ul class=\"elementor-icon-list-items elementor-inline-items\">\n\t\t\t\t\t\t\t<li class=\"elementor-icon-list-item elementor-inline-item\">\n\t\t\t\t\t\t\t\t\t\t\t<a href=\"https:\/\/www.forsthoff.com\/es\/\">\n\n\t\t\t\t\t\t\t\t\t\t\t<span class=\"elementor-icon-list-text\">Startseite<\/span>\n\t\t\t\t\t\t\t\t\t\t\t<\/a>\n\t\t\t\t\t\t\t\t\t<\/li>\n\t\t\t\t\t\t\t\t<li class=\"elementor-icon-list-item elementor-inline-item\">\n\t\t\t\t\t\t\t\t\t\t\t<a href=\"https:\/\/www.forsthoff.com\/es\/terminos-y-condiciones-generales-de-reparacion\/\">\n\n\t\t\t\t\t\t\t\t\t\t\t<span class=\"elementor-icon-list-text\">AGB Instandsetzung<\/span>\n\t\t\t\t\t\t\t\t\t\t\t<\/a>\n\t\t\t\t\t\t\t\t\t<\/li>\n\t\t\t\t\t\t<\/ul>\n\t\t\t\t\t\t<\/div>\n\t\t\t\t<\/div>\n\t\t\t\t<div class=\"elementor-element elementor-element-318bae4 elementor-widget elementor-widget-premium-divider\" data-id=\"318bae4\" data-element_type=\"widget\" data-widget_type=\"premium-divider.default\">\n\t\t\t\t<div class=\"elementor-widget-container\">\n\t\t\t\t\t\r\n\t\t<div class=\"premium-bordered-top premium-separator-container premium-separator-solid\" data-settings=\"solid\">\r\n\t\t\t<div class=\"premium-separator-wrapper\">\r\n\t\t\t\t<div class=\"premium-separator-wrapper-separator\">\r\n\t\t\t\t\t<div class=\"premium-separator-wrapper-separator-divider\">\r\n\t\t\t\t\t\t<div class=\"premium-separator-inner\">\r\n\t\t\t\t\t\t\t\r\n\t\t\t\t\t\t\t\t<div class=\"premium-separator-content-wrapper\">\r\n\t\t\t\t\t\t\t\t\t\t\t\t\t\t\t\t\t\t\t<div class=\"premium-separator-divider-left premium-separator-left-side premium-svg-nodraw\">\r\n\t\t\t\t\t\t\t\t\t\t\tseparators_two_span\t\t\t\t\t\t\t\t\t\t<\/div>\r\n\t\t\t\t\t\t\t\t\t\r\n\t\t\t\t\t\t\t\t\t\r\n\t\t\t\t\t\t\t\t\t\t\t\t\t\t\t\t\t\t\t<div class=\"premium-separator-divider-right premium-separator-right-side premium-svg-nodraw\">\r\n\t\t\t\t\t\t\t\t\t\t\tseparators_two_span\t\t\t\t\t\t\t\t\t\t<\/div>\r\n\t\t\t\t\t\t\t\t\t\t\t\t\t\t\t\t\t<\/div>\r\n\r\n\t\t\t\t\t\t\t\r\n\t\t\t\t\t\t\t<\/div>\r\n\r\n\t\t\t\t\t\t<\/div>\r\n\r\n\t\t\t\t<\/div>\r\n\r\n\t\t\t\t<div class=\"premium-clearfix\"><\/div>\r\n\r\n\t\t\t<\/div>\r\n\r\n\t\t<\/div>\r\n\r\n\t\t\t\t\t\t<\/div>\n\t\t\t\t<\/div>\n\t\t\t\t\t<\/div>\n\t\t<\/div>\n\t\t\t\t\t<\/div>\n\t\t<\/section>\n\t\t\t\t<section class=\"elementor-section elementor-top-section elementor-element elementor-element-6f04e6e elementor-section-boxed elementor-section-height-default elementor-section-height-default\" data-id=\"6f04e6e\" data-element_type=\"section\" data-settings=\"{&quot;background_background&quot;:&quot;classic&quot;}\">\n\t\t\t\t\t\t<div class=\"elementor-container elementor-column-gap-custom\">\n\t\t\t\t\t<div class=\"elementor-column elementor-col-100 elementor-top-column elementor-element elementor-element-06a2865\" data-id=\"06a2865\" data-element_type=\"column\" data-settings=\"{&quot;background_background&quot;:&quot;classic&quot;}\">\n\t\t\t<div class=\"elementor-widget-wrap elementor-element-populated\">\n\t\t\t\t\t\t<div class=\"elementor-element elementor-element-f497273 elementor-widget elementor-widget-text-editor\" data-id=\"f497273\" data-element_type=\"widget\" data-widget_type=\"text-editor.default\">\n\t\t\t\t<div class=\"elementor-widget-container\">\n\t\t\t\t\t\t\t\t\t<p>Condiciones para la reparaci\u00f3n de soldadores manuales, soldadores autom\u00e1ticos y herramientas el\u00e9ctricas.<\/p>\n<p>Para evitar malentendidos en los pedidos de reparaci\u00f3n de soldadores el\u00e9ctricos manuales y soldadores autom\u00e1ticos, se\u00f1alamos lo siguiente:<\/p>\n<p>1.) Si se entrega una m\u00e1quina defectuosa, el error debe describirse con la mayor precisi\u00f3n posible. En caso necesario, se debe especificar hasta qu\u00e9 punto se deben realizar las reparaciones m\u00e1s urgentes En caso de reclamaciones de garant\u00eda, se debe adjuntar el comprobante de compra. Las reclamaciones de garant\u00eda posteriores a la fecha no se tienen en cuenta. Las m\u00e1quinas modificadas por el cliente y las partes montadas con piezas que no sean originales de Forsthoff GmbH pierden todos los derechos de garant\u00eda. No se aceptar\u00e1n equipos y m\u00e1quinas ya desmontados para su reparaci\u00f3n.<\/p>\n<p>2.) Inspeccionaremos el equipo o la m\u00e1quina defectuosos. Por lo general, se desmontan para este fin. Los defectos se transmiten al cliente en un presupuesto. Este presupuesto es de pago y no es vinculante. En caso de aprobaci\u00f3n de la reparaci\u00f3n por parte del cliente, se suprimir\u00e1n las tarifas de servicio para el presupuesto.<br \/>El cliente decide si el dispositivo o la m\u00e1quina<\/p>\n<p>a.) se entrega un dispositivo nuevo<\/p>\n<p>b.) se repara,<\/p>\n<p>c.) se elimina,<\/p>\n<p>d.) se devuelve sin ser reparado.<\/p>\n<p>3.) No realizamos reparaciones parciales por motivos de seguridad.<\/p>\n<p>4.) Si la m\u00e1quina se devuelve defectuosa, se hace desmontada. En este caso, se calcular\u00e1n los costes de la estimaci\u00f3n de costes y de la devoluci\u00f3n, as\u00ed como los costes de embalaje en caso de embalaje insuficiente en el momento del env\u00edo del aparato. Para volver a montar la m\u00e1quina, el cliente debe asumir los costes de montaje correspondientes. Por razones de seguridad, el cable se retira para que la m\u00e1quina no se pueda poner en funcionamiento. Este puede ser tambi\u00e9n el caso de las m\u00e1quinas que parecen intactas externamente si no pasan la prueba de seguridad.<\/p>\n<p>5.) Si no se responde al presupuesto en un plazo de 3 meses, asumimos que la m\u00e1quina puede desecharse. En una fecha posterior, el cliente no tiene derecho a la pieza antigua.<\/p>\n<p>6.) En cualquier caso, los dispositivos se enviar\u00e1n gratuitamente a Forsthoff. Las devoluciones se realizan por cuenta y riesgo del cliente.<\/p>\n<p>7.) Al entregar o enviar un dispositivo o una m\u00e1quina para su reparaci\u00f3n, el cliente reconoce las condiciones anteriores.<\/p>\n<\/p>\n<p>A partir del 1 de septiembre de 2022<\/p>\n\t\t\t\t\t\t\t\t<\/div>\n\t\t\t\t<\/div>\n\t\t\t\t\t<\/div>\n\t\t<\/div>\n\t\t\t\t\t<\/div>\n\t\t<\/section>\n\t\t\t\t<\/div>\n\t\t","protected":false},"excerpt":{"rendered":"<p>T\u00e9rminos y condiciones generales de reparaci\u00f3n Startseite AGB Instandsetzung Condiciones para la reparaci\u00f3n de soldadores manuales, soldadores autom\u00e1ticos y herramientas el\u00e9ctricas. Para evitar malentendidos en los pedidos de reparaci\u00f3n de soldadores el\u00e9ctricos manuales y soldadores autom\u00e1ticos, se\u00f1alamos lo siguiente: 1.) Si se entrega una m\u00e1quina defectuosa, el error debe describirse con la mayor precisi\u00f3n posible. [&hellip;]<\/p>\n","protected":false},"author":1,"featured_media":0,"parent":0,"menu_order":0,"comment_status":"closed","ping_status":"closed","template":"","meta":{"om_disable_all_campaigns":false,"_monsterinsights_skip_tracking":false,"_monsterinsights_sitenote_active":false,"_monsterinsights_sitenote_note":"","_monsterinsights_sitenote_category":0,"footnotes":""},"class_list":["post-11067","page","type-page","status-publish","hentry"],"aioseo_notices":[],"_links":{"self":[{"href":"https:\/\/www.forsthoff.com\/es\/wp-json\/wp\/v2\/pages\/11067","targetHints":{"allow":["GET"]}}],"collection":[{"href":"https:\/\/www.forsthoff.com\/es\/wp-json\/wp\/v2\/pages"}],"about":[{"href":"https:\/\/www.forsthoff.com\/es\/wp-json\/wp\/v2\/types\/page"}],"author":[{"embeddable":true,"href":"https:\/\/www.forsthoff.com\/es\/wp-json\/wp\/v2\/users\/1"}],"replies":[{"embeddable":true,"href":"https:\/\/www.forsthoff.com\/es\/wp-json\/wp\/v2\/comments?post=11067"}],"version-history":[{"count":20,"href":"https:\/\/www.forsthoff.com\/es\/wp-json\/wp\/v2\/pages\/11067\/revisions"}],"predecessor-version":[{"id":16433,"href":"https:\/\/www.forsthoff.com\/es\/wp-json\/wp\/v2\/pages\/11067\/revisions\/16433"}],"wp:attachment":[{"href":"https:\/\/www.forsthoff.com\/es\/wp-json\/wp\/v2\/media?parent=11067"}],"curies":[{"name":"wp","href":"https:\/\/api.w.org\/{rel}","templated":true}]}}