{"id":11034,"date":"2022-08-23T07:27:01","date_gmt":"2022-08-23T05:27:01","guid":{"rendered":"https:\/\/forsthoff.werbago.com\/pistolas-de-soldadura\/"},"modified":"2025-06-18T12:23:40","modified_gmt":"2025-06-18T10:23:40","slug":"pistolas-de-soldadura","status":"publish","type":"page","link":"https:\/\/www.forsthoff.com\/es\/pistolas-de-soldadura\/","title":{"rendered":"Pistolas de soldadura"},"content":{"rendered":"\t\t<div data-elementor-type=\"wp-page\" data-elementor-id=\"11034\" class=\"elementor elementor-11034 elementor-4069\" data-elementor-post-type=\"page\">\n\t\t\t\t\t\t<section class=\"elementor-section elementor-top-section elementor-element elementor-element-45650fb elementor-section-boxed elementor-section-height-default elementor-section-height-default\" data-id=\"45650fb\" data-element_type=\"section\" data-settings=\"{&quot;background_background&quot;:&quot;classic&quot;}\">\n\t\t\t\t\t\t\t<div class=\"elementor-background-overlay\"><\/div>\n\t\t\t\t\t\t\t<div class=\"elementor-container elementor-column-gap-default\">\n\t\t\t\t\t<div class=\"elementor-column elementor-col-100 elementor-top-column elementor-element elementor-element-82e347f\" data-id=\"82e347f\" data-element_type=\"column\">\n\t\t\t<div class=\"elementor-widget-wrap elementor-element-populated\">\n\t\t\t\t\t\t<div class=\"elementor-element elementor-element-9534d6a elementor-widget elementor-widget-heading\" data-id=\"9534d6a\" data-element_type=\"widget\" data-widget_type=\"heading.default\">\n\t\t\t\t<div class=\"elementor-widget-container\">\n\t\t\t\t\t<h5 class=\"elementor-heading-title elementor-size-default\">Pistolas de Soldadura<\/h5>\t\t\t\t<\/div>\n\t\t\t\t<\/div>\n\t\t\t\t<div class=\"elementor-element elementor-element-22a89e1 elementor-icon-list--layout-inline elementor-align-center elementor-list-item-link-full_width elementor-widget elementor-widget-icon-list\" data-id=\"22a89e1\" data-element_type=\"widget\" data-widget_type=\"icon-list.default\">\n\t\t\t\t<div class=\"elementor-widget-container\">\n\t\t\t\t\t\t\t<ul class=\"elementor-icon-list-items elementor-inline-items\">\n\t\t\t\t\t\t\t<li class=\"elementor-icon-list-item elementor-inline-item\">\n\t\t\t\t\t\t\t\t\t\t\t<a href=\"https:\/\/www.forsthoff.com\/es\/\">\n\n\t\t\t\t\t\t\t\t\t\t\t<span class=\"elementor-icon-list-text\">P\u00e1gina de inicio<\/span>\n\t\t\t\t\t\t\t\t\t\t\t<\/a>\n\t\t\t\t\t\t\t\t\t<\/li>\n\t\t\t\t\t\t\t\t<li class=\"elementor-icon-list-item elementor-inline-item\">\n\t\t\t\t\t\t\t\t\t\t\t<a href=\"https:\/\/www.forsthoff.com\/es\/productos\/\">\n\n\t\t\t\t\t\t\t\t\t\t\t<span class=\"elementor-icon-list-text\">\u200bProductos\u200b<\/span>\n\t\t\t\t\t\t\t\t\t\t\t<\/a>\n\t\t\t\t\t\t\t\t\t<\/li>\n\t\t\t\t\t\t\t\t<li class=\"elementor-icon-list-item elementor-inline-item\">\n\t\t\t\t\t\t\t\t\t\t\t<a href=\"https:\/\/www.forsthoff.com\/es\/pistolas-de-soldadura\/\">\n\n\t\t\t\t\t\t\t\t\t\t\t<span class=\"elementor-icon-list-text\">Pistolas de Soldadura<\/span>\n\t\t\t\t\t\t\t\t\t\t\t<\/a>\n\t\t\t\t\t\t\t\t\t<\/li>\n\t\t\t\t\t\t<\/ul>\n\t\t\t\t\t\t<\/div>\n\t\t\t\t<\/div>\n\t\t\t\t<div class=\"elementor-element elementor-element-0d4e04a elementor-widget elementor-widget-premium-divider\" data-id=\"0d4e04a\" data-element_type=\"widget\" data-widget_type=\"premium-divider.default\">\n\t\t\t\t<div class=\"elementor-widget-container\">\n\t\t\t\t\t\r\n\t\t<div class=\"premium-bordered-top premium-separator-container premium-separator-solid\" data-settings=\"solid\">\r\n\t\t\t<div class=\"premium-separator-wrapper\">\r\n\t\t\t\t<div class=\"premium-separator-wrapper-separator\">\r\n\t\t\t\t\t<div class=\"premium-separator-wrapper-separator-divider\">\r\n\t\t\t\t\t\t<div class=\"premium-separator-inner\">\r\n\t\t\t\t\t\t\t\r\n\t\t\t\t\t\t\t\t<div class=\"premium-separator-content-wrapper\">\r\n\t\t\t\t\t\t\t\t\t\t\t\t\t\t\t\t\t\t\t<div class=\"premium-separator-divider-left premium-separator-left-side premium-svg-nodraw\">\r\n\t\t\t\t\t\t\t\t\t\t\tseparators_two_span\t\t\t\t\t\t\t\t\t\t<\/div>\r\n\t\t\t\t\t\t\t\t\t\r\n\t\t\t\t\t\t\t\t\t\r\n\t\t\t\t\t\t\t\t\t\t\t\t\t\t\t\t\t\t\t<div class=\"premium-separator-divider-right premium-separator-right-side premium-svg-nodraw\">\r\n\t\t\t\t\t\t\t\t\t\t\tseparators_two_span\t\t\t\t\t\t\t\t\t\t<\/div>\r\n\t\t\t\t\t\t\t\t\t\t\t\t\t\t\t\t\t<\/div>\r\n\r\n\t\t\t\t\t\t\t\r\n\t\t\t\t\t\t\t<\/div>\r\n\r\n\t\t\t\t\t\t<\/div>\r\n\r\n\t\t\t\t<\/div>\r\n\r\n\t\t\t\t<div class=\"premium-clearfix\"><\/div>\r\n\r\n\t\t\t<\/div>\r\n\r\n\t\t<\/div>\r\n\r\n\t\t\t\t\t\t<\/div>\n\t\t\t\t<\/div>\n\t\t\t\t<div class=\"elementor-element elementor-element-55f3700 elementor-widget elementor-widget-text-editor\" data-id=\"55f3700\" data-element_type=\"widget\" data-widget_type=\"text-editor.default\">\n\t\t\t\t<div class=\"elementor-widget-container\">\n\t\t\t\t\t\t\t\t\t<p>Las pistolas de soldadura de aire caliente son adecuadas para la soldadura de pl\u00e1stico, para contraer y moldear el pl\u00e1stico, los trabajos de soldadura, la construcci\u00f3n de contenedores y mucho m\u00e1s. Gracias a las diferentes pistolas de soldadura y a las numerosas boquillas adicionales, nuestros soldadores se utilizan para las m\u00e1s diversas aplicaciones.<\/p>\n\t\t\t\t\t\t\t\t<\/div>\n\t\t\t\t<\/div>\n\t\t\t\t\t<\/div>\n\t\t<\/div>\n\t\t\t\t\t<\/div>\n\t\t<\/section>\n\t\t\t\t<section class=\"elementor-section elementor-top-section elementor-element elementor-element-1e60180 elementor-section-boxed elementor-section-height-default elementor-section-height-default\" data-id=\"1e60180\" data-element_type=\"section\" data-settings=\"{&quot;background_background&quot;:&quot;classic&quot;}\">\n\t\t\t\t\t\t<div class=\"elementor-container elementor-column-gap-custom\">\n\t\t\t\t\t<div class=\"elementor-column elementor-col-33 elementor-top-column elementor-element elementor-element-6434683\" data-id=\"6434683\" data-element_type=\"column\" data-settings=\"{&quot;background_background&quot;:&quot;classic&quot;}\">\n\t\t\t<div class=\"elementor-widget-wrap elementor-element-populated\">\n\t\t\t\t\t\t<section class=\"elementor-section elementor-inner-section elementor-element elementor-element-cfbf056 elementor-section-height-min-height elementor-section-boxed elementor-section-height-default\" data-id=\"cfbf056\" data-element_type=\"section\">\n\t\t\t\t\t\t<div class=\"elementor-container elementor-column-gap-default\">\n\t\t\t\t\t<div class=\"elementor-column elementor-col-100 elementor-inner-column elementor-element elementor-element-ec64008\" data-id=\"ec64008\" data-element_type=\"column\" data-settings=\"{&quot;background_background&quot;:&quot;classic&quot;}\">\n\t\t\t<div class=\"elementor-widget-wrap elementor-element-populated\">\n\t\t\t\t\t\t<div class=\"elementor-element elementor-element-4289a8c produkt elementor-widget elementor-widget-image\" data-id=\"4289a8c\" data-element_type=\"widget\" data-widget_type=\"image.default\">\n\t\t\t\t<div class=\"elementor-widget-container\">\n\t\t\t\t\t\t\t\t\t\t\t\t\t\t\t\t<a href=\"https:\/\/www.forsthoff.com\/es\/mini-electronic\/\">\n\t\t\t\t\t\t\t<img fetchpriority=\"high\" decoding=\"async\" width=\"800\" height=\"533\" src=\"https:\/\/www.forsthoff.com\/wp-content\/smush-webp\/2022\/08\/MINI-electronic-1-scaled-e1677567978348-1024x682.jpg.webp\" class=\"attachment-large size-large wp-image-4124\" alt=\"\" srcset=\"https:\/\/www.forsthoff.com\/wp-content\/smush-webp\/2022\/08\/MINI-electronic-1-scaled-e1677567978348-1024x682.jpg.webp 1024w, https:\/\/www.forsthoff.com\/wp-content\/smush-webp\/2022\/08\/MINI-electronic-1-scaled-e1677567978348-300x200.jpg.webp 300w, https:\/\/www.forsthoff.com\/wp-content\/smush-webp\/2022\/08\/MINI-electronic-1-scaled-e1677567978348-768x512.jpg.webp 768w, https:\/\/www.forsthoff.com\/wp-content\/smush-webp\/2022\/08\/MINI-electronic-1-scaled-e1677567978348-1536x1024.jpg.webp 1536w, https:\/\/www.forsthoff.com\/wp-content\/smush-webp\/2022\/08\/MINI-electronic-1-scaled-e1677567978348-2048x1365.jpg.webp 2048w\" sizes=\"(max-width: 800px) 100vw, 800px\" \/>\t\t\t\t\t\t\t\t<\/a>\n\t\t\t\t\t\t\t\t\t\t\t\t\t\t\t<\/div>\n\t\t\t\t<\/div>\n\t\t\t\t<div class=\"elementor-element elementor-element-bd35c42 elementor-widget elementor-widget-heading\" data-id=\"bd35c42\" data-element_type=\"widget\" data-widget_type=\"heading.default\">\n\t\t\t\t<div class=\"elementor-widget-container\">\n\t\t\t\t\t<h2 class=\"elementor-heading-title elementor-size-default\">MINI-electronic<\/h2>\t\t\t\t<\/div>\n\t\t\t\t<\/div>\n\t\t\t\t<div class=\"elementor-element elementor-element-4385697 elementor-widget elementor-widget-premium-divider\" data-id=\"4385697\" data-element_type=\"widget\" data-widget_type=\"premium-divider.default\">\n\t\t\t\t<div class=\"elementor-widget-container\">\n\t\t\t\t\t\r\n\t\t<div class=\"premium-bordered-top premium-separator-container premium-separator-solid\" data-settings=\"solid\">\r\n\t\t\t<div class=\"premium-separator-wrapper\">\r\n\t\t\t\t<div class=\"premium-separator-wrapper-separator\">\r\n\t\t\t\t\t<div class=\"premium-separator-wrapper-separator-divider\">\r\n\t\t\t\t\t\t<div class=\"premium-separator-inner\">\r\n\t\t\t\t\t\t\t\r\n\t\t\t\t\t\t\t\t<div class=\"premium-separator-content-wrapper\">\r\n\t\t\t\t\t\t\t\t\t\t\t\t\t\t\t\t\t\t\t<div class=\"premium-separator-divider-left premium-separator-left-side premium-svg-nodraw\">\r\n\t\t\t\t\t\t\t\t\t\t\tseparators_two_span\t\t\t\t\t\t\t\t\t\t<\/div>\r\n\t\t\t\t\t\t\t\t\t\r\n\t\t\t\t\t\t\t\t\t\r\n\t\t\t\t\t\t\t\t\t\t\t\t\t\t\t\t\t\t\t<div class=\"premium-separator-divider-right premium-separator-right-side premium-svg-nodraw\">\r\n\t\t\t\t\t\t\t\t\t\t\tseparators_two_span\t\t\t\t\t\t\t\t\t\t<\/div>\r\n\t\t\t\t\t\t\t\t\t\t\t\t\t\t\t\t\t<\/div>\r\n\r\n\t\t\t\t\t\t\t\r\n\t\t\t\t\t\t\t<\/div>\r\n\r\n\t\t\t\t\t\t<\/div>\r\n\r\n\t\t\t\t<\/div>\r\n\r\n\t\t\t\t<div class=\"premium-clearfix\"><\/div>\r\n\r\n\t\t\t<\/div>\r\n\r\n\t\t<\/div>\r\n\r\n\t\t\t\t\t\t<\/div>\n\t\t\t\t<\/div>\n\t\t\t\t<div class=\"elementor-element elementor-element-3b923b8 elementor-widget elementor-widget-text-editor\" data-id=\"3b923b8\" data-element_type=\"widget\" data-widget_type=\"text-editor.default\">\n\t\t\t\t<div class=\"elementor-widget-container\">\n\t\t\t\t\t\t\t\t\t<p>La pistola de soldadura peque\u00f1a y ligera MINI-electronic es ideal para montadores de pl\u00e1sticos y constructores de contenedores. Junto con el soplador Oval-HB, la pistola de soldadura es perfecta para aplicaciones de montaje externas<\/p>\n\t\t\t\t\t\t\t\t<\/div>\n\t\t\t\t<\/div>\n\t\t\t\t\t<\/div>\n\t\t<\/div>\n\t\t\t\t\t<\/div>\n\t\t<\/section>\n\t\t\t\t<section class=\"elementor-section elementor-inner-section elementor-element elementor-element-af0d07a elementor-section-height-min-height elementor-section-boxed elementor-section-height-default\" data-id=\"af0d07a\" data-element_type=\"section\">\n\t\t\t\t\t\t<div class=\"elementor-container elementor-column-gap-default\">\n\t\t\t\t\t<div class=\"elementor-column elementor-col-100 elementor-inner-column elementor-element elementor-element-ad7b067\" data-id=\"ad7b067\" data-element_type=\"column\" data-settings=\"{&quot;background_background&quot;:&quot;classic&quot;}\">\n\t\t\t<div class=\"elementor-widget-wrap elementor-element-populated\">\n\t\t\t\t\t\t<div class=\"elementor-element elementor-element-02818a0 elementor-align-justify elementor-widget elementor-widget-button\" data-id=\"02818a0\" data-element_type=\"widget\" data-settings=\"{&quot;_animation&quot;:&quot;none&quot;}\" data-widget_type=\"button.default\">\n\t\t\t\t<div class=\"elementor-widget-container\">\n\t\t\t\t\t\t\t\t\t<div class=\"elementor-button-wrapper\">\n\t\t\t\t\t<a class=\"elementor-button elementor-button-link elementor-size-sm\" href=\"https:\/\/www.forsthoff.com\/es\/mini-electronic\/\">\n\t\t\t\t\t\t<span class=\"elementor-button-content-wrapper\">\n\t\t\t\t\t\t<span class=\"elementor-button-icon\">\n\t\t\t\t<i aria-hidden=\"true\" class=\"fas fa-arrow-right\"><\/i>\t\t\t<\/span>\n\t\t\t\t\t\t\t\t\t<span class=\"elementor-button-text\">\u200bSABER M\u00c1S\u200b<\/span>\n\t\t\t\t\t<\/span>\n\t\t\t\t\t<\/a>\n\t\t\t\t<\/div>\n\t\t\t\t\t\t\t\t<\/div>\n\t\t\t\t<\/div>\n\t\t\t\t\t<\/div>\n\t\t<\/div>\n\t\t\t\t\t<\/div>\n\t\t<\/section>\n\t\t\t\t\t<\/div>\n\t\t<\/div>\n\t\t\t\t<div class=\"elementor-column elementor-col-33 elementor-top-column elementor-element elementor-element-4a9d33c\" data-id=\"4a9d33c\" data-element_type=\"column\" data-settings=\"{&quot;background_background&quot;:&quot;classic&quot;}\">\n\t\t\t<div class=\"elementor-widget-wrap elementor-element-populated\">\n\t\t\t\t\t\t<section class=\"elementor-section elementor-inner-section elementor-element elementor-element-22ccacd elementor-section-height-min-height elementor-section-boxed elementor-section-height-default\" data-id=\"22ccacd\" data-element_type=\"section\">\n\t\t\t\t\t\t<div class=\"elementor-container elementor-column-gap-default\">\n\t\t\t\t\t<div class=\"elementor-column elementor-col-100 elementor-inner-column elementor-element elementor-element-7809a82\" data-id=\"7809a82\" data-element_type=\"column\" data-settings=\"{&quot;background_background&quot;:&quot;classic&quot;}\">\n\t\t\t<div class=\"elementor-widget-wrap elementor-element-populated\">\n\t\t\t\t\t\t<div class=\"elementor-element elementor-element-223c0cf produkt elementor-widget elementor-widget-image\" data-id=\"223c0cf\" data-element_type=\"widget\" data-widget_type=\"image.default\">\n\t\t\t\t<div class=\"elementor-widget-container\">\n\t\t\t\t\t\t\t\t\t\t\t\t\t\t\t\t<a href=\"https:\/\/www.forsthoff.com\/es\/mini-c-electronic\/\">\n\t\t\t\t\t\t\t<img decoding=\"async\" width=\"800\" height=\"534\" data-src=\"https:\/\/www.forsthoff.com\/wp-content\/smush-webp\/2022\/08\/1026-MINI-C-electronic-scaled-e1677566738723-1024x683.jpg.webp\" class=\"attachment-large size-large wp-image-4149 lazyload\" alt=\"\" data-srcset=\"https:\/\/www.forsthoff.com\/wp-content\/smush-webp\/2022\/08\/1026-MINI-C-electronic-scaled-e1677566738723-1024x683.jpg.webp 1024w, https:\/\/www.forsthoff.com\/wp-content\/smush-webp\/2022\/08\/1026-MINI-C-electronic-scaled-e1677566738723-300x200.jpg.webp 300w, https:\/\/www.forsthoff.com\/wp-content\/smush-webp\/2022\/08\/1026-MINI-C-electronic-scaled-e1677566738723-768x512.jpg.webp 768w, https:\/\/www.forsthoff.com\/wp-content\/smush-webp\/2022\/08\/1026-MINI-C-electronic-scaled-e1677566738723-1536x1024.jpg.webp 1536w, https:\/\/www.forsthoff.com\/wp-content\/smush-webp\/2022\/08\/1026-MINI-C-electronic-scaled-e1677566738723-2048x1366.jpg.webp 2048w\" data-sizes=\"(max-width: 800px) 100vw, 800px\" src=\"data:image\/svg+xml;base64,PHN2ZyB3aWR0aD0iMSIgaGVpZ2h0PSIxIiB4bWxucz0iaHR0cDovL3d3dy53My5vcmcvMjAwMC9zdmciPjwvc3ZnPg==\" style=\"--smush-placeholder-width: 800px; --smush-placeholder-aspect-ratio: 800\/534;\" \/>\t\t\t\t\t\t\t\t<\/a>\n\t\t\t\t\t\t\t\t\t\t\t\t\t\t\t<\/div>\n\t\t\t\t<\/div>\n\t\t\t\t<div class=\"elementor-element elementor-element-267d5ef elementor-widget elementor-widget-heading\" data-id=\"267d5ef\" data-element_type=\"widget\" data-widget_type=\"heading.default\">\n\t\t\t\t<div class=\"elementor-widget-container\">\n\t\t\t\t\t<h2 class=\"elementor-heading-title elementor-size-default\">MINI-C-electronic<\/h2>\t\t\t\t<\/div>\n\t\t\t\t<\/div>\n\t\t\t\t<div class=\"elementor-element elementor-element-d08001a elementor-widget elementor-widget-premium-divider\" data-id=\"d08001a\" data-element_type=\"widget\" data-widget_type=\"premium-divider.default\">\n\t\t\t\t<div class=\"elementor-widget-container\">\n\t\t\t\t\t\r\n\t\t<div class=\"premium-bordered-top premium-separator-container premium-separator-solid\" data-settings=\"solid\">\r\n\t\t\t<div class=\"premium-separator-wrapper\">\r\n\t\t\t\t<div class=\"premium-separator-wrapper-separator\">\r\n\t\t\t\t\t<div class=\"premium-separator-wrapper-separator-divider\">\r\n\t\t\t\t\t\t<div class=\"premium-separator-inner\">\r\n\t\t\t\t\t\t\t\r\n\t\t\t\t\t\t\t\t<div class=\"premium-separator-content-wrapper\">\r\n\t\t\t\t\t\t\t\t\t\t\t\t\t\t\t\t\t\t\t<div class=\"premium-separator-divider-left premium-separator-left-side premium-svg-nodraw\">\r\n\t\t\t\t\t\t\t\t\t\t\tseparators_two_span\t\t\t\t\t\t\t\t\t\t<\/div>\r\n\t\t\t\t\t\t\t\t\t\r\n\t\t\t\t\t\t\t\t\t\r\n\t\t\t\t\t\t\t\t\t\t\t\t\t\t\t\t\t\t\t<div class=\"premium-separator-divider-right premium-separator-right-side premium-svg-nodraw\">\r\n\t\t\t\t\t\t\t\t\t\t\tseparators_two_span\t\t\t\t\t\t\t\t\t\t<\/div>\r\n\t\t\t\t\t\t\t\t\t\t\t\t\t\t\t\t\t<\/div>\r\n\r\n\t\t\t\t\t\t\t\r\n\t\t\t\t\t\t\t<\/div>\r\n\r\n\t\t\t\t\t\t<\/div>\r\n\r\n\t\t\t\t<\/div>\r\n\r\n\t\t\t\t<div class=\"premium-clearfix\"><\/div>\r\n\r\n\t\t\t<\/div>\r\n\r\n\t\t<\/div>\r\n\r\n\t\t\t\t\t\t<\/div>\n\t\t\t\t<\/div>\n\t\t\t\t<div class=\"elementor-element elementor-element-ccb2a47 elementor-widget elementor-widget-text-editor\" data-id=\"ccb2a47\" data-element_type=\"widget\" data-widget_type=\"text-editor.default\">\n\t\t\t\t<div class=\"elementor-widget-container\">\n\t\t\t\t\t\t\t\t\t<p>La pistola de soldadura de aire caliente MINI-C-electronic con suministro de aire y electricidad en un paquete de mangueras. Para un suministro de aire externo, como el soplador Oval-HB o un compresor de canal lateral o compresor con v\u00e1lvula reductora de presi\u00f3n.<\/p>\n\t\t\t\t\t\t\t\t<\/div>\n\t\t\t\t<\/div>\n\t\t\t\t\t<\/div>\n\t\t<\/div>\n\t\t\t\t\t<\/div>\n\t\t<\/section>\n\t\t\t\t<section class=\"elementor-section elementor-inner-section elementor-element elementor-element-bf23134 elementor-section-height-min-height elementor-section-boxed elementor-section-height-default\" data-id=\"bf23134\" data-element_type=\"section\">\n\t\t\t\t\t\t<div class=\"elementor-container elementor-column-gap-default\">\n\t\t\t\t\t<div class=\"elementor-column elementor-col-100 elementor-inner-column elementor-element elementor-element-f46d610\" data-id=\"f46d610\" data-element_type=\"column\" data-settings=\"{&quot;background_background&quot;:&quot;classic&quot;}\">\n\t\t\t<div class=\"elementor-widget-wrap elementor-element-populated\">\n\t\t\t\t\t\t<div class=\"elementor-element elementor-element-7a81d86 elementor-align-justify elementor-widget elementor-widget-button\" data-id=\"7a81d86\" data-element_type=\"widget\" data-settings=\"{&quot;_animation&quot;:&quot;none&quot;}\" data-widget_type=\"button.default\">\n\t\t\t\t<div class=\"elementor-widget-container\">\n\t\t\t\t\t\t\t\t\t<div class=\"elementor-button-wrapper\">\n\t\t\t\t\t<a class=\"elementor-button elementor-button-link elementor-size-sm\" href=\"https:\/\/www.forsthoff.com\/es\/mini-c-electronic\/\">\n\t\t\t\t\t\t<span class=\"elementor-button-content-wrapper\">\n\t\t\t\t\t\t<span class=\"elementor-button-icon\">\n\t\t\t\t<i aria-hidden=\"true\" class=\"fas fa-arrow-right\"><\/i>\t\t\t<\/span>\n\t\t\t\t\t\t\t\t\t<span class=\"elementor-button-text\">\u200bSABER M\u00c1S\u200b<\/span>\n\t\t\t\t\t<\/span>\n\t\t\t\t\t<\/a>\n\t\t\t\t<\/div>\n\t\t\t\t\t\t\t\t<\/div>\n\t\t\t\t<\/div>\n\t\t\t\t\t<\/div>\n\t\t<\/div>\n\t\t\t\t\t<\/div>\n\t\t<\/section>\n\t\t\t\t\t<\/div>\n\t\t<\/div>\n\t\t\t\t<div class=\"elementor-column elementor-col-33 elementor-top-column elementor-element elementor-element-a8a0e44\" data-id=\"a8a0e44\" data-element_type=\"column\" data-settings=\"{&quot;background_background&quot;:&quot;classic&quot;}\">\n\t\t\t<div class=\"elementor-widget-wrap elementor-element-populated\">\n\t\t\t\t\t\t<section class=\"elementor-section elementor-inner-section elementor-element elementor-element-d699af3 elementor-section-height-min-height elementor-section-boxed elementor-section-height-default\" data-id=\"d699af3\" data-element_type=\"section\">\n\t\t\t\t\t\t<div class=\"elementor-container elementor-column-gap-default\">\n\t\t\t\t\t<div class=\"elementor-column elementor-col-100 elementor-inner-column elementor-element elementor-element-83dddff\" data-id=\"83dddff\" data-element_type=\"column\" data-settings=\"{&quot;background_background&quot;:&quot;classic&quot;}\">\n\t\t\t<div class=\"elementor-widget-wrap elementor-element-populated\">\n\t\t\t\t\t\t<div class=\"elementor-element elementor-element-f8006df produkt elementor-widget elementor-widget-image\" data-id=\"f8006df\" data-element_type=\"widget\" data-widget_type=\"image.default\">\n\t\t\t\t<div class=\"elementor-widget-container\">\n\t\t\t\t\t\t\t\t\t\t\t\t\t\t\t\t<a href=\"https:\/\/www.forsthoff.com\/es\/oval-hb\/\">\n\t\t\t\t\t\t\t<img decoding=\"async\" width=\"800\" height=\"534\" data-src=\"https:\/\/www.forsthoff.com\/wp-content\/smush-webp\/2025\/06\/Oval-HB-1024x683.jpg.webp\" class=\"attachment-large size-large wp-image-16946 lazyload\" alt=\"\" data-srcset=\"https:\/\/www.forsthoff.com\/wp-content\/smush-webp\/2025\/06\/Oval-HB-1024x683.jpg.webp 1024w, https:\/\/www.forsthoff.com\/wp-content\/smush-webp\/2025\/06\/Oval-HB-300x200.jpg.webp 300w, https:\/\/www.forsthoff.com\/wp-content\/smush-webp\/2025\/06\/Oval-HB-768x512.jpg.webp 768w, https:\/\/www.forsthoff.com\/wp-content\/smush-webp\/2025\/06\/Oval-HB-1536x1024.jpg.webp 1536w, https:\/\/www.forsthoff.com\/wp-content\/smush-webp\/2025\/06\/Oval-HB-2048x1365.jpg.webp 2048w\" data-sizes=\"(max-width: 800px) 100vw, 800px\" src=\"data:image\/svg+xml;base64,PHN2ZyB3aWR0aD0iMSIgaGVpZ2h0PSIxIiB4bWxucz0iaHR0cDovL3d3dy53My5vcmcvMjAwMC9zdmciPjwvc3ZnPg==\" style=\"--smush-placeholder-width: 800px; --smush-placeholder-aspect-ratio: 800\/534;\" \/>\t\t\t\t\t\t\t\t<\/a>\n\t\t\t\t\t\t\t\t\t\t\t\t\t\t\t<\/div>\n\t\t\t\t<\/div>\n\t\t\t\t<div class=\"elementor-element elementor-element-350eaa9 elementor-widget elementor-widget-heading\" data-id=\"350eaa9\" data-element_type=\"widget\" data-widget_type=\"heading.default\">\n\t\t\t\t<div class=\"elementor-widget-container\">\n\t\t\t\t\t<h2 class=\"elementor-heading-title elementor-size-default\">Soplador Oval-HB<\/h2>\t\t\t\t<\/div>\n\t\t\t\t<\/div>\n\t\t\t\t<div class=\"elementor-element elementor-element-bf75c2e elementor-widget elementor-widget-premium-divider\" data-id=\"bf75c2e\" data-element_type=\"widget\" data-widget_type=\"premium-divider.default\">\n\t\t\t\t<div class=\"elementor-widget-container\">\n\t\t\t\t\t\r\n\t\t<div class=\"premium-bordered-top premium-separator-container premium-separator-solid\" data-settings=\"solid\">\r\n\t\t\t<div class=\"premium-separator-wrapper\">\r\n\t\t\t\t<div class=\"premium-separator-wrapper-separator\">\r\n\t\t\t\t\t<div class=\"premium-separator-wrapper-separator-divider\">\r\n\t\t\t\t\t\t<div class=\"premium-separator-inner\">\r\n\t\t\t\t\t\t\t\r\n\t\t\t\t\t\t\t\t<div class=\"premium-separator-content-wrapper\">\r\n\t\t\t\t\t\t\t\t\t\t\t\t\t\t\t\t\t\t\t<div class=\"premium-separator-divider-left premium-separator-left-side premium-svg-nodraw\">\r\n\t\t\t\t\t\t\t\t\t\t\tseparators_two_span\t\t\t\t\t\t\t\t\t\t<\/div>\r\n\t\t\t\t\t\t\t\t\t\r\n\t\t\t\t\t\t\t\t\t\r\n\t\t\t\t\t\t\t\t\t\t\t\t\t\t\t\t\t\t\t<div class=\"premium-separator-divider-right premium-separator-right-side premium-svg-nodraw\">\r\n\t\t\t\t\t\t\t\t\t\t\tseparators_two_span\t\t\t\t\t\t\t\t\t\t<\/div>\r\n\t\t\t\t\t\t\t\t\t\t\t\t\t\t\t\t\t<\/div>\r\n\r\n\t\t\t\t\t\t\t\r\n\t\t\t\t\t\t\t<\/div>\r\n\r\n\t\t\t\t\t\t<\/div>\r\n\r\n\t\t\t\t<\/div>\r\n\r\n\t\t\t\t<div class=\"premium-clearfix\"><\/div>\r\n\r\n\t\t\t<\/div>\r\n\r\n\t\t<\/div>\r\n\r\n\t\t\t\t\t\t<\/div>\n\t\t\t\t<\/div>\n\t\t\t\t<div class=\"elementor-element elementor-element-50fac9b elementor-widget elementor-widget-text-editor\" data-id=\"50fac9b\" data-element_type=\"widget\" data-widget_type=\"text-editor.default\">\n\t\t\t\t<div class=\"elementor-widget-container\">\n\t\t\t\t\t\t\t\t\t<p>El potente soplador de aire caliente Oval-HB para pistolas de soldadura. Disponible en un kit combinado con nuestras pistolas de soldadura MINI-electronic y MINI-C-electronic.<\/p>\n\t\t\t\t\t\t\t\t<\/div>\n\t\t\t\t<\/div>\n\t\t\t\t\t<\/div>\n\t\t<\/div>\n\t\t\t\t\t<\/div>\n\t\t<\/section>\n\t\t\t\t<section class=\"elementor-section elementor-inner-section elementor-element elementor-element-3e86042 elementor-section-height-min-height elementor-section-boxed elementor-section-height-default\" data-id=\"3e86042\" data-element_type=\"section\">\n\t\t\t\t\t\t<div class=\"elementor-container elementor-column-gap-default\">\n\t\t\t\t\t<div class=\"elementor-column elementor-col-100 elementor-inner-column elementor-element elementor-element-9ffcd23\" data-id=\"9ffcd23\" data-element_type=\"column\" data-settings=\"{&quot;background_background&quot;:&quot;classic&quot;}\">\n\t\t\t<div class=\"elementor-widget-wrap elementor-element-populated\">\n\t\t\t\t\t\t<div class=\"elementor-element elementor-element-bb1ffa3 elementor-align-justify elementor-widget elementor-widget-button\" data-id=\"bb1ffa3\" data-element_type=\"widget\" data-settings=\"{&quot;_animation&quot;:&quot;none&quot;}\" data-widget_type=\"button.default\">\n\t\t\t\t<div class=\"elementor-widget-container\">\n\t\t\t\t\t\t\t\t\t<div class=\"elementor-button-wrapper\">\n\t\t\t\t\t<a class=\"elementor-button elementor-button-link elementor-size-sm\" href=\"https:\/\/www.forsthoff.com\/es\/oval-hb\/\">\n\t\t\t\t\t\t<span class=\"elementor-button-content-wrapper\">\n\t\t\t\t\t\t<span class=\"elementor-button-icon\">\n\t\t\t\t<i aria-hidden=\"true\" class=\"fas fa-arrow-right\"><\/i>\t\t\t<\/span>\n\t\t\t\t\t\t\t\t\t<span class=\"elementor-button-text\">\u200bSABER M\u00c1S\u200b<\/span>\n\t\t\t\t\t<\/span>\n\t\t\t\t\t<\/a>\n\t\t\t\t<\/div>\n\t\t\t\t\t\t\t\t<\/div>\n\t\t\t\t<\/div>\n\t\t\t\t\t<\/div>\n\t\t<\/div>\n\t\t\t\t\t<\/div>\n\t\t<\/section>\n\t\t\t\t\t<\/div>\n\t\t<\/div>\n\t\t\t\t\t<\/div>\n\t\t<\/section>\n\t\t\t\t<\/div>\n\t\t","protected":false},"excerpt":{"rendered":"<p>Pistolas de Soldadura P\u00e1gina de inicio \u200bProductos\u200b Pistolas de Soldadura separators_two_span separators_two_span Las pistolas de soldadura de aire caliente son adecuadas para la soldadura de pl\u00e1stico, para contraer y moldear el pl\u00e1stico, los trabajos de soldadura, la construcci\u00f3n de contenedores y mucho m\u00e1s. Gracias a las diferentes pistolas de soldadura y a las numerosas boquillas [&hellip;]<\/p>\n","protected":false},"author":1,"featured_media":0,"parent":0,"menu_order":0,"comment_status":"closed","ping_status":"closed","template":"","meta":{"om_disable_all_campaigns":false,"_monsterinsights_skip_tracking":false,"_monsterinsights_sitenote_active":false,"_monsterinsights_sitenote_note":"","_monsterinsights_sitenote_category":0,"footnotes":""},"class_list":["post-11034","page","type-page","status-publish","hentry"],"aioseo_notices":[],"_links":{"self":[{"href":"https:\/\/www.forsthoff.com\/es\/wp-json\/wp\/v2\/pages\/11034","targetHints":{"allow":["GET"]}}],"collection":[{"href":"https:\/\/www.forsthoff.com\/es\/wp-json\/wp\/v2\/pages"}],"about":[{"href":"https:\/\/www.forsthoff.com\/es\/wp-json\/wp\/v2\/types\/page"}],"author":[{"embeddable":true,"href":"https:\/\/www.forsthoff.com\/es\/wp-json\/wp\/v2\/users\/1"}],"replies":[{"embeddable":true,"href":"https:\/\/www.forsthoff.com\/es\/wp-json\/wp\/v2\/comments?post=11034"}],"version-history":[{"count":24,"href":"https:\/\/www.forsthoff.com\/es\/wp-json\/wp\/v2\/pages\/11034\/revisions"}],"predecessor-version":[{"id":17060,"href":"https:\/\/www.forsthoff.com\/es\/wp-json\/wp\/v2\/pages\/11034\/revisions\/17060"}],"wp:attachment":[{"href":"https:\/\/www.forsthoff.com\/es\/wp-json\/wp\/v2\/media?parent=11034"}],"curies":[{"name":"wp","href":"https:\/\/api.w.org\/{rel}","templated":true}]}}